{"id":306,"date":"2019-05-13T13:12:40","date_gmt":"2019-05-13T13:12:40","guid":{"rendered":"https:\/\/theroomhunter.com\/burgos\/?page_id=306"},"modified":"2019-10-17T10:22:14","modified_gmt":"2019-10-17T10:22:14","slug":"que-es-the-roomhunter","status":"publish","type":"page","link":"https:\/\/theroomhunter.com\/burgos\/que-es-the-roomhunter\/","title":{"rendered":"\u00bfQu\u00e9 es The Roomhunter?"},"content":{"rendered":"\t<section class=\"section faq-section\" id=\"section_475915929\">\n\t\t<div class=\"bg section-bg fill bg-fill  bg-loaded\" >\n\n\t\t\t\n\t\t\t\n\t\t\t\n\n\t\t<\/div><!-- .section-bg -->\n\n\t\t<div class=\"section-content relative\">\n\t\t\t\n<div class=\"row\"  id=\"row-1623810343\">\n<div class=\"col small-12 large-12\"  ><div class=\"col-inner\"  >\n<h3>The Roomhunter Burgos<\/h3>\n<p>The Roomhunter Burgos es una empresa creada en 2017 especializada en dise\u00f1o y creaci\u00f3n virtual de salas de escape.<\/p>\n<p>A lo largo de estos a\u00f1os hemos dise\u00f1ado juegos en bibliotecas, colegios, espacios p\u00fablicos, empresas.<\/p>\n<\/div><\/div>\n<\/div>\n<div class=\"row info-what\"  id=\"row-1781184424\">\n<div class=\"col medium-6 small-12 large-6\"  ><div class=\"col-inner text-left\"  >\n\t<div class=\"img has-hover x md-x lg-x y md-y lg-y\" id=\"image_1040179568\">\n\t\t\t\t\t\t\t\t<div class=\"img-inner dark\" >\n\t\t\t<img width=\"400\" height=\"130\" src=\"https:\/\/theroomhunter.com\/burgos\/wp-content\/uploads\/2019\/05\/logo-theroomhunter.png\" class=\"attachment-large size-large\" alt=\"\" loading=\"lazy\" srcset=\"https:\/\/theroomhunter.com\/burgos\/wp-content\/uploads\/2019\/05\/logo-theroomhunter.png 400w, https:\/\/theroomhunter.com\/burgos\/wp-content\/uploads\/2019\/05\/logo-theroomhunter-300x98.png 300w\" sizes=\"(max-width: 400px) 100vw, 400px\" \/>\t\t\t\t\t\t\n\t\t\t\t\t<\/div>\n\t\t\t\t\t\t\t\t\n<style scope=\"scope\">\n\n#image_1040179568 {\n  width: 100%;\n}\n<\/style>\n\t<\/div>\n\t\n<\/div><\/div>\n<div class=\"col medium-6 small-12 large-6\"  ><div class=\"col-inner text-left\"  >\n<p>Realizamos eventos con tecnologia puntera y completamente originales.<\/p>\n<p>Cooperamos con una empresa puntera en el sector.<\/p>\n<a rel=\"noopener noreferrer\" href=\"https:\/\/www.experiencefactory.es\/\" target=\"_blank\" class=\"button primary\"  >\n    <span>Experience Factory<\/span>\n  <\/a>\n\n<\/div><\/div>\n\n<style scope=\"scope\">\n\n<\/style>\n<\/div>\n\t\t<\/div><!-- .section-content -->\n\n\t\t\n<style scope=\"scope\">\n\n#section_475915929 {\n  padding-top: 30px;\n  padding-bottom: 30px;\n}\n<\/style>\n\t<\/section>\n\t\n","protected":false},"excerpt":{"rendered":"","protected":false},"author":2,"featured_media":0,"parent":0,"menu_order":0,"comment_status":"closed","ping_status":"closed","template":"","meta":{"_mbp_gutenberg_autopost":false},"yoast_head":"<!-- This site is optimized with the Yoast SEO plugin v19.7 - https:\/\/yoast.com\/wordpress\/plugins\/seo\/ -->\n<title>\u00bfQu\u00e9 es The Roomhunter? &ndash; The Roomhunter Burgos - Salas de Escape Room<\/title>\n<meta name=\"robots\" content=\"index, follow, max-snippet:-1, max-image-preview:large, max-video-preview:-1\" \/>\n<link rel=\"canonical\" href=\"https:\/\/theroomhunter.com\/burgos\/que-es-the-roomhunter\/\" \/>\n<meta property=\"og:locale\" content=\"es_ES\" \/>\n<meta property=\"og:type\" content=\"article\" \/>\n<meta property=\"og:title\" content=\"\u00bfQu\u00e9 es The Roomhunter? &ndash; The Roomhunter Burgos - Salas de Escape Room\" \/>\n<meta property=\"og:url\" content=\"https:\/\/theroomhunter.com\/burgos\/que-es-the-roomhunter\/\" \/>\n<meta property=\"og:site_name\" content=\"The Roomhunter Burgos - Salas de Escape Room\" \/>\n<meta property=\"article:publisher\" content=\"https:\/\/www.facebook.com\/theroomhunterburgos\/\" \/>\n<meta property=\"article:modified_time\" content=\"2019-10-17T10:22:14+00:00\" \/>\n<meta name=\"twitter:card\" content=\"summary_large_image\" \/>\n<meta name=\"twitter:label1\" content=\"Tiempo de lectura\" \/>\n\t<meta name=\"twitter:data1\" content=\"1 minuto\" \/>\n<script type=\"application\/ld+json\" class=\"yoast-schema-graph\">{\"@context\":\"https:\/\/schema.org\",\"@graph\":[{\"@type\":\"WebPage\",\"@id\":\"https:\/\/theroomhunter.com\/burgos\/que-es-the-roomhunter\/\",\"url\":\"https:\/\/theroomhunter.com\/burgos\/que-es-the-roomhunter\/\",\"name\":\"\u00bfQu\u00e9 es The Roomhunter? &ndash; The Roomhunter Burgos - Salas de Escape Room\",\"isPartOf\":{\"@id\":\"https:\/\/theroomhunter.com\/burgos\/#website\"},\"datePublished\":\"2019-05-13T13:12:40+00:00\",\"dateModified\":\"2019-10-17T10:22:14+00:00\",\"breadcrumb\":{\"@id\":\"https:\/\/theroomhunter.com\/burgos\/que-es-the-roomhunter\/#breadcrumb\"},\"inLanguage\":\"es\",\"potentialAction\":[{\"@type\":\"ReadAction\",\"target\":[\"https:\/\/theroomhunter.com\/burgos\/que-es-the-roomhunter\/\"]}]},{\"@type\":\"BreadcrumbList\",\"@id\":\"https:\/\/theroomhunter.com\/burgos\/que-es-the-roomhunter\/#breadcrumb\",\"itemListElement\":[{\"@type\":\"ListItem\",\"position\":1,\"name\":\"Portada\",\"item\":\"https:\/\/theroomhunter.com\/burgos\/\"},{\"@type\":\"ListItem\",\"position\":2,\"name\":\"\u00bfQu\u00e9 es The Roomhunter?\"}]},{\"@type\":\"WebSite\",\"@id\":\"https:\/\/theroomhunter.com\/burgos\/#website\",\"url\":\"https:\/\/theroomhunter.com\/burgos\/\",\"name\":\"The Roomhunter Burgos - Salas de Escape Room\",\"description\":\"Empresa de entretenimiento de escapismo en Burgos\",\"publisher\":{\"@id\":\"https:\/\/theroomhunter.com\/burgos\/#organization\"},\"potentialAction\":[{\"@type\":\"SearchAction\",\"target\":{\"@type\":\"EntryPoint\",\"urlTemplate\":\"https:\/\/theroomhunter.com\/burgos\/?s={search_term_string}\"},\"query-input\":\"required name=search_term_string\"}],\"inLanguage\":\"es\"},{\"@type\":\"Organization\",\"@id\":\"https:\/\/theroomhunter.com\/burgos\/#organization\",\"name\":\"Salas The Roomhunter Burgos Escape Room\",\"url\":\"https:\/\/theroomhunter.com\/burgos\/\",\"sameAs\":[\"https:\/\/www.youtube.com\/channel\/UCS3xYNnN2X1ThKVUqZEAMKg\",\"https:\/\/www.facebook.com\/theroomhunterburgos\/\"],\"logo\":{\"@type\":\"ImageObject\",\"inLanguage\":\"es\",\"@id\":\"https:\/\/theroomhunter.com\/burgos\/#\/schema\/logo\/image\/\",\"url\":\"https:\/\/theroomhunter.com\/burgos\/wp-content\/uploads\/2019\/05\/favicon.jpg\",\"contentUrl\":\"https:\/\/theroomhunter.com\/burgos\/wp-content\/uploads\/2019\/05\/favicon.jpg\",\"width\":512,\"height\":512,\"caption\":\"Salas The Roomhunter Burgos Escape Room\"},\"image\":{\"@id\":\"https:\/\/theroomhunter.com\/burgos\/#\/schema\/logo\/image\/\"}}]}<\/script>\n<!-- \/ Yoast SEO plugin. -->","yoast_head_json":{"title":"\u00bfQu\u00e9 es The Roomhunter? &ndash; The Roomhunter Burgos - Salas de Escape Room","robots":{"index":"index","follow":"follow","max-snippet":"max-snippet:-1","max-image-preview":"max-image-preview:large","max-video-preview":"max-video-preview:-1"},"canonical":"https:\/\/theroomhunter.com\/burgos\/que-es-the-roomhunter\/","og_locale":"es_ES","og_type":"article","og_title":"\u00bfQu\u00e9 es The Roomhunter? &ndash; The Roomhunter Burgos - Salas de Escape Room","og_url":"https:\/\/theroomhunter.com\/burgos\/que-es-the-roomhunter\/","og_site_name":"The Roomhunter Burgos - Salas de Escape Room","article_publisher":"https:\/\/www.facebook.com\/theroomhunterburgos\/","article_modified_time":"2019-10-17T10:22:14+00:00","twitter_card":"summary_large_image","twitter_misc":{"Tiempo de lectura":"1 minuto"},"schema":{"@context":"https:\/\/schema.org","@graph":[{"@type":"WebPage","@id":"https:\/\/theroomhunter.com\/burgos\/que-es-the-roomhunter\/","url":"https:\/\/theroomhunter.com\/burgos\/que-es-the-roomhunter\/","name":"\u00bfQu\u00e9 es The Roomhunter? &ndash; The Roomhunter Burgos - Salas de Escape Room","isPartOf":{"@id":"https:\/\/theroomhunter.com\/burgos\/#website"},"datePublished":"2019-05-13T13:12:40+00:00","dateModified":"2019-10-17T10:22:14+00:00","breadcrumb":{"@id":"https:\/\/theroomhunter.com\/burgos\/que-es-the-roomhunter\/#breadcrumb"},"inLanguage":"es","potentialAction":[{"@type":"ReadAction","target":["https:\/\/theroomhunter.com\/burgos\/que-es-the-roomhunter\/"]}]},{"@type":"BreadcrumbList","@id":"https:\/\/theroomhunter.com\/burgos\/que-es-the-roomhunter\/#breadcrumb","itemListElement":[{"@type":"ListItem","position":1,"name":"Portada","item":"https:\/\/theroomhunter.com\/burgos\/"},{"@type":"ListItem","position":2,"name":"\u00bfQu\u00e9 es The Roomhunter?"}]},{"@type":"WebSite","@id":"https:\/\/theroomhunter.com\/burgos\/#website","url":"https:\/\/theroomhunter.com\/burgos\/","name":"The Roomhunter Burgos - Salas de Escape Room","description":"Empresa de entretenimiento de escapismo en Burgos","publisher":{"@id":"https:\/\/theroomhunter.com\/burgos\/#organization"},"potentialAction":[{"@type":"SearchAction","target":{"@type":"EntryPoint","urlTemplate":"https:\/\/theroomhunter.com\/burgos\/?s={search_term_string}"},"query-input":"required name=search_term_string"}],"inLanguage":"es"},{"@type":"Organization","@id":"https:\/\/theroomhunter.com\/burgos\/#organization","name":"Salas The Roomhunter Burgos Escape Room","url":"https:\/\/theroomhunter.com\/burgos\/","sameAs":["https:\/\/www.youtube.com\/channel\/UCS3xYNnN2X1ThKVUqZEAMKg","https:\/\/www.facebook.com\/theroomhunterburgos\/"],"logo":{"@type":"ImageObject","inLanguage":"es","@id":"https:\/\/theroomhunter.com\/burgos\/#\/schema\/logo\/image\/","url":"https:\/\/theroomhunter.com\/burgos\/wp-content\/uploads\/2019\/05\/favicon.jpg","contentUrl":"https:\/\/theroomhunter.com\/burgos\/wp-content\/uploads\/2019\/05\/favicon.jpg","width":512,"height":512,"caption":"Salas The Roomhunter Burgos Escape Room"},"image":{"@id":"https:\/\/theroomhunter.com\/burgos\/#\/schema\/logo\/image\/"}}]}},"_links":{"self":[{"href":"https:\/\/theroomhunter.com\/burgos\/wp-json\/wp\/v2\/pages\/306"}],"collection":[{"href":"https:\/\/theroomhunter.com\/burgos\/wp-json\/wp\/v2\/pages"}],"about":[{"href":"https:\/\/theroomhunter.com\/burgos\/wp-json\/wp\/v2\/types\/page"}],"author":[{"embeddable":true,"href":"https:\/\/theroomhunter.com\/burgos\/wp-json\/wp\/v2\/users\/2"}],"replies":[{"embeddable":true,"href":"https:\/\/theroomhunter.com\/burgos\/wp-json\/wp\/v2\/comments?post=306"}],"version-history":[{"count":12,"href":"https:\/\/theroomhunter.com\/burgos\/wp-json\/wp\/v2\/pages\/306\/revisions"}],"predecessor-version":[{"id":566,"href":"https:\/\/theroomhunter.com\/burgos\/wp-json\/wp\/v2\/pages\/306\/revisions\/566"}],"wp:attachment":[{"href":"https:\/\/theroomhunter.com\/burgos\/wp-json\/wp\/v2\/media?parent=306"}],"curies":[{"name":"wp","href":"https:\/\/api.w.org\/{rel}","templated":true}]}}