{"id":211,"date":"2019-05-09T13:04:36","date_gmt":"2019-05-09T13:04:36","guid":{"rendered":"https:\/\/theroomhunter.com\/burgos\/?page_id=211"},"modified":"2019-10-17T10:10:16","modified_gmt":"2019-10-17T10:10:16","slug":"team-building","status":"publish","type":"page","link":"https:\/\/theroomhunter.com\/burgos\/team-building\/","title":{"rendered":"Team Building"},"content":{"rendered":"\t<section class=\"section faq-section\" id=\"section_1649189431\">\n\t\t<div class=\"bg section-bg fill bg-fill  bg-loaded\" >\n\n\t\t\t\n\t\t\t\n\t\t\t\n\n\t\t<\/div><!-- .section-bg -->\n\n\t\t<div class=\"section-content relative\">\n\t\t\t\n<div class=\"row\"  id=\"row-1432645345\">\n<div class=\"col small-12 large-12\"  ><div class=\"col-inner\"  >\n<h3>Team Building<\/h3>\n<p>No s\u00f3lo tenemos una sala, hacemos m\u00e1s juegos de escape personalizados para tus jornadas de empresa, cumplea\u00f1os, despedidas de soltero.<\/p>\n<\/div><\/div>\n<\/div>\n<div class=\"row\"  id=\"row-1726015085\">\n<div class=\"col building-text medium-6 small-12 large-6\"  ><div class=\"col-inner text-left\"  >\n<h3>\u201cSi buscas resultados distintos, no hagas siempre lo mismo\u201d.<\/h3>\n<h3>Albert Einstein.<\/h3>\n<p>Podemos hacer un juego virtual completamente personalizado en el entorno de tu empresa o intalaci\u00f3n que tu elijas.<\/p>\n<p>Para ello tenemos la experiencia para hacer un juego a medida de las necesidades de nuestros clientes, mediante varios puestos de tecnolog\u00eda oculus y realidad virtual.<\/p>\n<p>Para resolver cualquier duda, ponte en contacto con nosotros mediante mail o telefeno.<\/p>\n<p>Existe tambi\u00e9n la posibilidad de reservar la sala un d\u00eda entero en nuestras instalaciones fijas y hacer un d\u00eda de tu empresa, para hacer una jornada con tus compa\u00f1eros de trabajo.<\/p>\n<\/div><\/div>\n<div class=\"col medium-6 small-12 large-6\"  ><div class=\"col-inner\"  >\n<div class=\"row row-large align-middle\"  id=\"row-1626693835\">\n<div class=\"col medium-4 small-12 large-4\"  ><div class=\"col-inner text-center\"  >\n\t<div class=\"img has-hover x md-x lg-x y md-y lg-y\" id=\"image_1332331735\">\n\t\t\t\t\t\t\t\t<div class=\"img-inner dark\" >\n\t\t\t<img width=\"109\" height=\"100\" src=\"https:\/\/theroomhunter.com\/burgos\/wp-content\/uploads\/2019\/05\/Logo-URBAN-BIKE1.jpg\" class=\"attachment-large size-large\" alt=\"\" loading=\"lazy\" \/>\t\t\t\t\t\t\n\t\t\t\t\t<\/div>\n\t\t\t\t\t\t\t\t\n<style scope=\"scope\">\n\n#image_1332331735 {\n  width: 56%;\n}\n\n\n@media (min-width:550px) {\n\n  #image_1332331735 {\n    width: 100%;\n  }\n\n}\n<\/style>\n\t<\/div>\n\t\n<\/div><\/div>\n<div class=\"col medium-4 small-12 large-4\"  ><div class=\"col-inner text-center\"  >\n\t<div class=\"img has-hover x md-x lg-x y md-y lg-y\" id=\"image_1215905066\">\n\t\t\t\t\t\t\t\t<div class=\"img-inner dark\" >\n\t\t\t<img width=\"190\" height=\"90\" src=\"https:\/\/theroomhunter.com\/burgos\/wp-content\/uploads\/2019\/05\/logo_thinkonmarketing.jpg\" class=\"attachment-large size-large\" alt=\"\" loading=\"lazy\" \/>\t\t\t\t\t\t\n\t\t\t\t\t<\/div>\n\t\t\t\t\t\t\t\t\n<style scope=\"scope\">\n\n#image_1215905066 {\n  width: 64%;\n}\n\n\n@media (min-width:550px) {\n\n  #image_1215905066 {\n    width: 100%;\n  }\n\n}\n<\/style>\n\t<\/div>\n\t\n<\/div><\/div>\n<div class=\"col medium-4 small-12 large-4\"  ><div class=\"col-inner text-center\"  >\n\t<div class=\"img has-hover x md-x lg-x y md-y lg-y\" id=\"image_1583660818\">\n\t\t\t\t\t\t\t\t<div class=\"img-inner dark\" >\n\t\t\t<img width=\"190\" height=\"59\" src=\"https:\/\/theroomhunter.com\/burgos\/wp-content\/uploads\/2019\/05\/logo-OHRIGINAL-hq1.jpg\" class=\"attachment-large size-large\" alt=\"\" loading=\"lazy\" \/>\t\t\t\t\t\t\n\t\t\t\t\t<\/div>\n\t\t\t\t\t\t\t\t\n<style scope=\"scope\">\n\n#image_1583660818 {\n  width: 63%;\n}\n\n\n@media (min-width:550px) {\n\n  #image_1583660818 {\n    width: 100%;\n  }\n\n}\n<\/style>\n\t<\/div>\n\t\n<\/div><\/div>\n\n<style scope=\"scope\">\n\n<\/style>\n<\/div>\n<div class=\"row row-large align-middle\"  id=\"row-950329637\">\n<div class=\"col medium-4 small-12 large-4\"  ><div class=\"col-inner text-center\"  >\n\t<div class=\"img has-hover x md-x lg-x y md-y lg-y\" id=\"image_32139901\">\n\t\t\t\t\t\t\t\t<div class=\"img-inner dark\" >\n\t\t\t<img width=\"161\" height=\"140\" src=\"https:\/\/theroomhunter.com\/burgos\/wp-content\/uploads\/2019\/05\/Topagunea.jpg\" class=\"attachment-large size-large\" alt=\"\" loading=\"lazy\" \/>\t\t\t\t\t\t\n\t\t\t\t\t<\/div>\n\t\t\t\t\t\t\t\t\n<style scope=\"scope\">\n\n#image_32139901 {\n  width: 56%;\n}\n\n\n@media (min-width:550px) {\n\n  #image_32139901 {\n    width: 100%;\n  }\n\n}\n<\/style>\n\t<\/div>\n\t\n<\/div><\/div>\n<div class=\"col medium-4 small-12 large-4\"  ><div class=\"col-inner text-center\"  >\n\t<div class=\"img has-hover x md-x lg-x y md-y lg-y\" id=\"image_1503294257\">\n\t\t\t\t\t\t\t\t<div class=\"img-inner dark\" >\n\t\t\t<img width=\"180\" height=\"22\" src=\"https:\/\/theroomhunter.com\/burgos\/wp-content\/uploads\/2019\/05\/Cocibur.png\" class=\"attachment-large size-large\" alt=\"\" loading=\"lazy\" \/>\t\t\t\t\t\t\n\t\t\t\t\t<\/div>\n\t\t\t\t\t\t\t\t\n<style scope=\"scope\">\n\n#image_1503294257 {\n  width: 66%;\n}\n\n\n@media (min-width:550px) {\n\n  #image_1503294257 {\n    width: 100%;\n  }\n\n}\n<\/style>\n\t<\/div>\n\t\n<\/div><\/div>\n<div class=\"col medium-4 small-12 large-4\"  ><div class=\"col-inner text-center\"  >\n\t<div class=\"img has-hover x md-x lg-x y md-y lg-y\" id=\"image_112635996\">\n\t\t\t\t\t\t\t\t<div class=\"img-inner dark\" >\n\t\t\t<img width=\"140\" height=\"140\" src=\"https:\/\/theroomhunter.com\/burgos\/wp-content\/uploads\/2019\/05\/Lea-artibai.jpeg\" class=\"attachment-large size-large\" alt=\"\" loading=\"lazy\" \/>\t\t\t\t\t\t\n\t\t\t\t\t<\/div>\n\t\t\t\t\t\t\t\t\n<style scope=\"scope\">\n\n#image_112635996 {\n  width: 50%;\n}\n\n\n@media (min-width:550px) {\n\n  #image_112635996 {\n    width: 100%;\n  }\n\n}\n<\/style>\n\t<\/div>\n\t\n<\/div><\/div>\n\n<style scope=\"scope\">\n\n<\/style>\n<\/div>\n<div class=\"row row-large align-middle\"  id=\"row-1357522728\">\n<div class=\"col medium-4 small-12 large-4\"  ><div class=\"col-inner text-center\"  >\n\t<div class=\"img has-hover x md-x lg-x y md-y lg-y\" id=\"image_1768311803\">\n\t\t\t\t\t\t\t\t<div class=\"img-inner dark\" >\n\t\t\t<img width=\"155\" height=\"46\" src=\"https:\/\/theroomhunter.com\/burgos\/wp-content\/uploads\/2019\/05\/astar.png\" class=\"attachment-large size-large\" alt=\"Astar\" loading=\"lazy\" srcset=\"https:\/\/theroomhunter.com\/burgos\/wp-content\/uploads\/2019\/05\/astar.png 155w, https:\/\/theroomhunter.com\/burgos\/wp-content\/uploads\/2019\/05\/astar-150x46.png 150w\" sizes=\"(max-width: 155px) 100vw, 155px\" \/>\t\t\t\t\t\t\n\t\t\t\t\t<\/div>\n\t\t\t\t\t\t\t\t\n<style scope=\"scope\">\n\n#image_1768311803 {\n  width: 55%;\n}\n\n\n@media (min-width:550px) {\n\n  #image_1768311803 {\n    width: 100%;\n  }\n\n}\n<\/style>\n\t<\/div>\n\t\n<\/div><\/div>\n\n<style scope=\"scope\">\n\n<\/style>\n<\/div>\n<\/div><\/div>\n<\/div>\n\t\t<\/div><!-- .section-content -->\n\n\t\t\n<style scope=\"scope\">\n\n#section_1649189431 {\n  padding-top: 30px;\n  padding-bottom: 30px;\n}\n<\/style>\n\t<\/section>\n\t\n","protected":false},"excerpt":{"rendered":"","protected":false},"author":2,"featured_media":0,"parent":0,"menu_order":0,"comment_status":"closed","ping_status":"closed","template":"page-blank.php","meta":{"_mbp_gutenberg_autopost":false},"yoast_head":"<!-- This site is optimized with the Yoast SEO plugin v19.7 - https:\/\/yoast.com\/wordpress\/plugins\/seo\/ -->\n<title>Team Building &ndash; The Roomhunter Burgos - Salas de Escape Room<\/title>\n<meta name=\"robots\" content=\"index, follow, max-snippet:-1, max-image-preview:large, max-video-preview:-1\" \/>\n<link rel=\"canonical\" href=\"https:\/\/theroomhunter.com\/burgos\/team-building\/\" \/>\n<meta property=\"og:locale\" content=\"es_ES\" \/>\n<meta property=\"og:type\" content=\"article\" \/>\n<meta property=\"og:title\" content=\"Team Building &ndash; The Roomhunter Burgos - Salas de Escape Room\" \/>\n<meta property=\"og:url\" content=\"https:\/\/theroomhunter.com\/burgos\/team-building\/\" \/>\n<meta property=\"og:site_name\" content=\"The Roomhunter Burgos - Salas de Escape Room\" \/>\n<meta property=\"article:publisher\" content=\"https:\/\/www.facebook.com\/theroomhunterburgos\/\" \/>\n<meta property=\"article:modified_time\" content=\"2019-10-17T10:10:16+00:00\" \/>\n<meta name=\"twitter:card\" content=\"summary_large_image\" \/>\n<meta name=\"twitter:label1\" content=\"Tiempo de lectura\" \/>\n\t<meta name=\"twitter:data1\" content=\"1 minuto\" \/>\n<script type=\"application\/ld+json\" class=\"yoast-schema-graph\">{\"@context\":\"https:\/\/schema.org\",\"@graph\":[{\"@type\":\"WebPage\",\"@id\":\"https:\/\/theroomhunter.com\/burgos\/team-building\/\",\"url\":\"https:\/\/theroomhunter.com\/burgos\/team-building\/\",\"name\":\"Team Building &ndash; The Roomhunter Burgos - Salas de Escape Room\",\"isPartOf\":{\"@id\":\"https:\/\/theroomhunter.com\/burgos\/#website\"},\"datePublished\":\"2019-05-09T13:04:36+00:00\",\"dateModified\":\"2019-10-17T10:10:16+00:00\",\"breadcrumb\":{\"@id\":\"https:\/\/theroomhunter.com\/burgos\/team-building\/#breadcrumb\"},\"inLanguage\":\"es\",\"potentialAction\":[{\"@type\":\"ReadAction\",\"target\":[\"https:\/\/theroomhunter.com\/burgos\/team-building\/\"]}]},{\"@type\":\"BreadcrumbList\",\"@id\":\"https:\/\/theroomhunter.com\/burgos\/team-building\/#breadcrumb\",\"itemListElement\":[{\"@type\":\"ListItem\",\"position\":1,\"name\":\"Portada\",\"item\":\"https:\/\/theroomhunter.com\/burgos\/\"},{\"@type\":\"ListItem\",\"position\":2,\"name\":\"Team Building\"}]},{\"@type\":\"WebSite\",\"@id\":\"https:\/\/theroomhunter.com\/burgos\/#website\",\"url\":\"https:\/\/theroomhunter.com\/burgos\/\",\"name\":\"The Roomhunter Burgos - Salas de Escape Room\",\"description\":\"Empresa de entretenimiento de escapismo en Burgos\",\"publisher\":{\"@id\":\"https:\/\/theroomhunter.com\/burgos\/#organization\"},\"potentialAction\":[{\"@type\":\"SearchAction\",\"target\":{\"@type\":\"EntryPoint\",\"urlTemplate\":\"https:\/\/theroomhunter.com\/burgos\/?s={search_term_string}\"},\"query-input\":\"required name=search_term_string\"}],\"inLanguage\":\"es\"},{\"@type\":\"Organization\",\"@id\":\"https:\/\/theroomhunter.com\/burgos\/#organization\",\"name\":\"Salas The Roomhunter Burgos Escape Room\",\"url\":\"https:\/\/theroomhunter.com\/burgos\/\",\"sameAs\":[\"https:\/\/www.youtube.com\/channel\/UCS3xYNnN2X1ThKVUqZEAMKg\",\"https:\/\/www.facebook.com\/theroomhunterburgos\/\"],\"logo\":{\"@type\":\"ImageObject\",\"inLanguage\":\"es\",\"@id\":\"https:\/\/theroomhunter.com\/burgos\/#\/schema\/logo\/image\/\",\"url\":\"https:\/\/theroomhunter.com\/burgos\/wp-content\/uploads\/2019\/05\/favicon.jpg\",\"contentUrl\":\"https:\/\/theroomhunter.com\/burgos\/wp-content\/uploads\/2019\/05\/favicon.jpg\",\"width\":512,\"height\":512,\"caption\":\"Salas The Roomhunter Burgos Escape Room\"},\"image\":{\"@id\":\"https:\/\/theroomhunter.com\/burgos\/#\/schema\/logo\/image\/\"}}]}<\/script>\n<!-- \/ Yoast SEO plugin. -->","yoast_head_json":{"title":"Team Building &ndash; The Roomhunter Burgos - Salas de Escape Room","robots":{"index":"index","follow":"follow","max-snippet":"max-snippet:-1","max-image-preview":"max-image-preview:large","max-video-preview":"max-video-preview:-1"},"canonical":"https:\/\/theroomhunter.com\/burgos\/team-building\/","og_locale":"es_ES","og_type":"article","og_title":"Team Building &ndash; The Roomhunter Burgos - Salas de Escape Room","og_url":"https:\/\/theroomhunter.com\/burgos\/team-building\/","og_site_name":"The Roomhunter Burgos - Salas de Escape Room","article_publisher":"https:\/\/www.facebook.com\/theroomhunterburgos\/","article_modified_time":"2019-10-17T10:10:16+00:00","twitter_card":"summary_large_image","twitter_misc":{"Tiempo de lectura":"1 minuto"},"schema":{"@context":"https:\/\/schema.org","@graph":[{"@type":"WebPage","@id":"https:\/\/theroomhunter.com\/burgos\/team-building\/","url":"https:\/\/theroomhunter.com\/burgos\/team-building\/","name":"Team Building &ndash; The Roomhunter Burgos - Salas de Escape Room","isPartOf":{"@id":"https:\/\/theroomhunter.com\/burgos\/#website"},"datePublished":"2019-05-09T13:04:36+00:00","dateModified":"2019-10-17T10:10:16+00:00","breadcrumb":{"@id":"https:\/\/theroomhunter.com\/burgos\/team-building\/#breadcrumb"},"inLanguage":"es","potentialAction":[{"@type":"ReadAction","target":["https:\/\/theroomhunter.com\/burgos\/team-building\/"]}]},{"@type":"BreadcrumbList","@id":"https:\/\/theroomhunter.com\/burgos\/team-building\/#breadcrumb","itemListElement":[{"@type":"ListItem","position":1,"name":"Portada","item":"https:\/\/theroomhunter.com\/burgos\/"},{"@type":"ListItem","position":2,"name":"Team Building"}]},{"@type":"WebSite","@id":"https:\/\/theroomhunter.com\/burgos\/#website","url":"https:\/\/theroomhunter.com\/burgos\/","name":"The Roomhunter Burgos - Salas de Escape Room","description":"Empresa de entretenimiento de escapismo en Burgos","publisher":{"@id":"https:\/\/theroomhunter.com\/burgos\/#organization"},"potentialAction":[{"@type":"SearchAction","target":{"@type":"EntryPoint","urlTemplate":"https:\/\/theroomhunter.com\/burgos\/?s={search_term_string}"},"query-input":"required name=search_term_string"}],"inLanguage":"es"},{"@type":"Organization","@id":"https:\/\/theroomhunter.com\/burgos\/#organization","name":"Salas The Roomhunter Burgos Escape Room","url":"https:\/\/theroomhunter.com\/burgos\/","sameAs":["https:\/\/www.youtube.com\/channel\/UCS3xYNnN2X1ThKVUqZEAMKg","https:\/\/www.facebook.com\/theroomhunterburgos\/"],"logo":{"@type":"ImageObject","inLanguage":"es","@id":"https:\/\/theroomhunter.com\/burgos\/#\/schema\/logo\/image\/","url":"https:\/\/theroomhunter.com\/burgos\/wp-content\/uploads\/2019\/05\/favicon.jpg","contentUrl":"https:\/\/theroomhunter.com\/burgos\/wp-content\/uploads\/2019\/05\/favicon.jpg","width":512,"height":512,"caption":"Salas The Roomhunter Burgos Escape Room"},"image":{"@id":"https:\/\/theroomhunter.com\/burgos\/#\/schema\/logo\/image\/"}}]}},"_links":{"self":[{"href":"https:\/\/theroomhunter.com\/burgos\/wp-json\/wp\/v2\/pages\/211"}],"collection":[{"href":"https:\/\/theroomhunter.com\/burgos\/wp-json\/wp\/v2\/pages"}],"about":[{"href":"https:\/\/theroomhunter.com\/burgos\/wp-json\/wp\/v2\/types\/page"}],"author":[{"embeddable":true,"href":"https:\/\/theroomhunter.com\/burgos\/wp-json\/wp\/v2\/users\/2"}],"replies":[{"embeddable":true,"href":"https:\/\/theroomhunter.com\/burgos\/wp-json\/wp\/v2\/comments?post=211"}],"version-history":[{"count":18,"href":"https:\/\/theroomhunter.com\/burgos\/wp-json\/wp\/v2\/pages\/211\/revisions"}],"predecessor-version":[{"id":349,"href":"https:\/\/theroomhunter.com\/burgos\/wp-json\/wp\/v2\/pages\/211\/revisions\/349"}],"wp:attachment":[{"href":"https:\/\/theroomhunter.com\/burgos\/wp-json\/wp\/v2\/media?parent=211"}],"curies":[{"name":"wp","href":"https:\/\/api.w.org\/{rel}","templated":true}]}}