{"id":3,"date":"2019-01-16T11:12:57","date_gmt":"2019-01-16T11:12:57","guid":{"rendered":"https:\/\/theroomhunter.com\/bilbao\/?page_id=3"},"modified":"2021-10-25T06:55:16","modified_gmt":"2021-10-25T06:55:16","slug":"aviso-legal","status":"publish","type":"page","link":"https:\/\/theroomhunter.com\/bilbao\/aviso-legal\/","title":{"rendered":"Aviso legal"},"content":{"rendered":"<div class=\"row\"  id=\"row-1670000387\">\n<div class=\"col small-12 large-12\"  ><div class=\"col-inner\" style=\"padding:80px 0px 80px 0px;\" >\n<p class=\"p1\"><b>Datos identificativos<\/b><\/p>\n<p class=\"p2\">Esta p\u00e1gina Web es propiedad de:\u00a0<\/p>\n<p class=\"p2\">Identidad del Responsable:<span class=\"Apple-converted-space\">\u00a0 <\/span>The Roomhunter (\u00c1lvaro Escudero Ortega)<br \/>NIF\/CIF:71270998R<br \/>Direcci\u00f3n: C\/ Barrenkale 24 bajo, 48005, Bilbao-Vizcaya.<\/p>\n<p class=\"p2\">El USUARIO puede contactar con el TITULAR por cualquiera de los siguientes medios:<\/p>\n<p class=\"p2\">E-Mail:\u00a0 <a href=\"mailto:info@theroomhunter.com\"><span class=\"s1\">info@theroomhunter.com<\/span><\/a><br \/>Tel\u00e9fono: 660 316 783<\/p>\n<p class=\"p4\"><span class=\"s2\"><b>SOBRE LA PROPIEDAD LEGAL<\/b><\/span><\/p>\n<p class=\"p2\">El<span class=\"Apple-converted-space\">\u00a0 <\/span>propietario de esta web y su contenido es\u00a0<span class=\"s3\"><b>The Roomhunter (\u00c1lvaro Escudero Ortega 71270998R )<\/b><\/span>. Queda prohibida la transmisi\u00f3n, cesi\u00f3n, venta, alquiler y \/ o exposici\u00f3n p\u00fablica de esta web sin la correspondiente autorizaci\u00f3n de su propietario.<\/p>\n<p class=\"p5\">La informaci\u00f3n y contenidos presentados en esta web son de car\u00e1cter orientativo quedando el propietario de la web exento de cualquier responsabilidad derivada de la falta de exactitud en esta informaci\u00f3n y contenidos. Los propietarios se reservan el derecho de modificar el contenido de la web sin previo aviso y sin ning\u00fan tipo de limitaci\u00f3n.<\/p>\n<p class=\"p5\">La informaci\u00f3n remitida a esta web deber\u00e1 ser veraz y no vulnerar\u00e1 el derecho a terceros ni la legalidad vigente. El propietario declina cualquier responsabilidad contractual o extracontractual con la persona o empresa que tuviera perjuicios de cualquier naturaleza ocasionados por virus inform\u00e1ticos o por elementos inform\u00e1ticos de cualquier \u00edndole al no poder garantizar al 100% la ausencia de virus ni de otros elementos en la web.<\/p>\n<p class=\"p4\"><span class=\"s2\"><b>POL\u00cdTICA DE PROTECCI\u00d3N DE DATOS PERSONALES<\/b><\/span><\/p>\n<p class=\"p2\">Los datos personales recogidos ser\u00e1n objeto de tratamiento automatizado e incorporados a los correspondientes ficheros automatizados. El usuario garantiza que los datos personales facilitados a\u00a0<a href=\"http:\/\/www.theroomhunter.com\/bilbao\"><span class=\"s1\">www.theroomhunter.com\/bilbao<\/span><\/a> \u00a0son veraces y se hace responsable de comunicar cualquier modificaci\u00f3n.<\/p>\n<p class=\"p2\">La recogida y tratamiento automatizado de los datos personales son solamente para llevar un registro de reservas. Los usuarios tienen derechos reconocidos y podr\u00e1n ejercitar los derechos de acceso, cancelaci\u00f3n, rectificaci\u00f3n y oposici\u00f3n , as\u00ed como a ser informados de las cesiones realizadas contactando con\u00a0<a href=\"mailto:info@theroomhunter.com\"><span class=\"s1\">info@theroomhunter.com<\/span><\/a>.<\/p>\n<p class=\"p6\"><b>SISTEMA DE RESERVAS DE TICKETSELF<\/b><\/p>\n<p class=\"p2\">La finalidad es facilitarle un medio para que pueda reservar y comprar nuestros servicios<\/p>\n<p class=\"p2\">Aqu\u00ed puede ver la pol\u00edtica de privacidad de Ticketself:<\/p>\n<p class=\"p8\"><span class=\"s4\"><a href=\"https:\/\/www.ticketself.com\/\/inner\/corporate\/privacy\">https:\/\/www.ticketself.com\/\/inner\/corporate\/privacy<\/a><\/span><\/p>\n<p class=\"p6\"><b>POL\u00cdTICA DE DEVOLUCIONES Y REEMBOLSOS<\/b><\/p>\n<p class=\"p2\">Si cancelas con menos de 24 horas de antelaci\u00f3n, lo sentimos pero no se reembolsa el dinero.<\/p>\n<p class=\"p2\">Si la cancelaci\u00f3n es anterior, podr\u00e1s elegir otra fecha y hora para jugar.<\/p>\n<p class=\"p2\">El reembolso se realizar\u00e1 por el mismo medio por el que se ha realizado el pago.<\/p>\n<\/div><\/div>\n<\/div>\n","protected":false},"excerpt":{"rendered":"","protected":false},"author":1,"featured_media":0,"parent":0,"menu_order":0,"comment_status":"closed","ping_status":"open","template":"page-blank.php","meta":[],"yoast_head":"<!-- This site is optimized with the Yoast SEO plugin v19.7 - https:\/\/yoast.com\/wordpress\/plugins\/seo\/ -->\n<title>Aviso legal - TheRoomHunter<\/title>\n<meta name=\"robots\" content=\"index, follow, max-snippet:-1, max-image-preview:large, max-video-preview:-1\" \/>\n<link rel=\"canonical\" href=\"https:\/\/theroomhunter.com\/bilbao\/aviso-legal\/\" \/>\n<meta property=\"og:locale\" content=\"es_ES\" \/>\n<meta property=\"og:type\" content=\"article\" \/>\n<meta property=\"og:title\" content=\"Aviso legal - TheRoomHunter\" \/>\n<meta property=\"og:url\" content=\"https:\/\/theroomhunter.com\/bilbao\/aviso-legal\/\" \/>\n<meta property=\"og:site_name\" content=\"TheRoomHunter\" \/>\n<meta property=\"article:modified_time\" content=\"2021-10-25T06:55:16+00:00\" \/>\n<meta name=\"twitter:card\" content=\"summary_large_image\" \/>\n<meta name=\"twitter:label1\" content=\"Tiempo de lectura\" \/>\n\t<meta name=\"twitter:data1\" content=\"2 minutos\" \/>\n<script type=\"application\/ld+json\" class=\"yoast-schema-graph\">{\"@context\":\"https:\/\/schema.org\",\"@graph\":[{\"@type\":\"WebPage\",\"@id\":\"https:\/\/theroomhunter.com\/bilbao\/aviso-legal\/\",\"url\":\"https:\/\/theroomhunter.com\/bilbao\/aviso-legal\/\",\"name\":\"Aviso legal - TheRoomHunter\",\"isPartOf\":{\"@id\":\"https:\/\/theroomhunter.com\/bilbao\/#website\"},\"datePublished\":\"2019-01-16T11:12:57+00:00\",\"dateModified\":\"2021-10-25T06:55:16+00:00\",\"breadcrumb\":{\"@id\":\"https:\/\/theroomhunter.com\/bilbao\/aviso-legal\/#breadcrumb\"},\"inLanguage\":\"es\",\"potentialAction\":[{\"@type\":\"ReadAction\",\"target\":[\"https:\/\/theroomhunter.com\/bilbao\/aviso-legal\/\"]}]},{\"@type\":\"BreadcrumbList\",\"@id\":\"https:\/\/theroomhunter.com\/bilbao\/aviso-legal\/#breadcrumb\",\"itemListElement\":[{\"@type\":\"ListItem\",\"position\":1,\"name\":\"Portada\",\"item\":\"https:\/\/theroomhunter.com\/bilbao\/\"},{\"@type\":\"ListItem\",\"position\":2,\"name\":\"Aviso legal\"}]},{\"@type\":\"WebSite\",\"@id\":\"https:\/\/theroomhunter.com\/bilbao\/#website\",\"url\":\"https:\/\/theroomhunter.com\/bilbao\/\",\"name\":\"TheRoomHunter\",\"description\":\"\",\"potentialAction\":[{\"@type\":\"SearchAction\",\"target\":{\"@type\":\"EntryPoint\",\"urlTemplate\":\"https:\/\/theroomhunter.com\/bilbao\/?s={search_term_string}\"},\"query-input\":\"required name=search_term_string\"}],\"inLanguage\":\"es\"}]}<\/script>\n<!-- \/ Yoast SEO plugin. -->","yoast_head_json":{"title":"Aviso legal - TheRoomHunter","robots":{"index":"index","follow":"follow","max-snippet":"max-snippet:-1","max-image-preview":"max-image-preview:large","max-video-preview":"max-video-preview:-1"},"canonical":"https:\/\/theroomhunter.com\/bilbao\/aviso-legal\/","og_locale":"es_ES","og_type":"article","og_title":"Aviso legal - TheRoomHunter","og_url":"https:\/\/theroomhunter.com\/bilbao\/aviso-legal\/","og_site_name":"TheRoomHunter","article_modified_time":"2021-10-25T06:55:16+00:00","twitter_card":"summary_large_image","twitter_misc":{"Tiempo de lectura":"2 minutos"},"schema":{"@context":"https:\/\/schema.org","@graph":[{"@type":"WebPage","@id":"https:\/\/theroomhunter.com\/bilbao\/aviso-legal\/","url":"https:\/\/theroomhunter.com\/bilbao\/aviso-legal\/","name":"Aviso legal - TheRoomHunter","isPartOf":{"@id":"https:\/\/theroomhunter.com\/bilbao\/#website"},"datePublished":"2019-01-16T11:12:57+00:00","dateModified":"2021-10-25T06:55:16+00:00","breadcrumb":{"@id":"https:\/\/theroomhunter.com\/bilbao\/aviso-legal\/#breadcrumb"},"inLanguage":"es","potentialAction":[{"@type":"ReadAction","target":["https:\/\/theroomhunter.com\/bilbao\/aviso-legal\/"]}]},{"@type":"BreadcrumbList","@id":"https:\/\/theroomhunter.com\/bilbao\/aviso-legal\/#breadcrumb","itemListElement":[{"@type":"ListItem","position":1,"name":"Portada","item":"https:\/\/theroomhunter.com\/bilbao\/"},{"@type":"ListItem","position":2,"name":"Aviso legal"}]},{"@type":"WebSite","@id":"https:\/\/theroomhunter.com\/bilbao\/#website","url":"https:\/\/theroomhunter.com\/bilbao\/","name":"TheRoomHunter","description":"","potentialAction":[{"@type":"SearchAction","target":{"@type":"EntryPoint","urlTemplate":"https:\/\/theroomhunter.com\/bilbao\/?s={search_term_string}"},"query-input":"required name=search_term_string"}],"inLanguage":"es"}]}},"_links":{"self":[{"href":"https:\/\/theroomhunter.com\/bilbao\/wp-json\/wp\/v2\/pages\/3"}],"collection":[{"href":"https:\/\/theroomhunter.com\/bilbao\/wp-json\/wp\/v2\/pages"}],"about":[{"href":"https:\/\/theroomhunter.com\/bilbao\/wp-json\/wp\/v2\/types\/page"}],"author":[{"embeddable":true,"href":"https:\/\/theroomhunter.com\/bilbao\/wp-json\/wp\/v2\/users\/1"}],"replies":[{"embeddable":true,"href":"https:\/\/theroomhunter.com\/bilbao\/wp-json\/wp\/v2\/comments?post=3"}],"version-history":[{"count":3,"href":"https:\/\/theroomhunter.com\/bilbao\/wp-json\/wp\/v2\/pages\/3\/revisions"}],"predecessor-version":[{"id":388,"href":"https:\/\/theroomhunter.com\/bilbao\/wp-json\/wp\/v2\/pages\/3\/revisions\/388"}],"wp:attachment":[{"href":"https:\/\/theroomhunter.com\/bilbao\/wp-json\/wp\/v2\/media?parent=3"}],"curies":[{"name":"wp","href":"https:\/\/api.w.org\/{rel}","templated":true}]}}