{"id":211,"date":"2019-05-09T13:04:36","date_gmt":"2019-05-09T13:04:36","guid":{"rendered":"https:\/\/theroomhunter.com\/bilbao\/?page_id=211"},"modified":"2019-05-10T14:05:34","modified_gmt":"2019-05-10T14:05:34","slug":"team-building","status":"publish","type":"page","link":"https:\/\/theroomhunter.com\/bilbao\/team-building\/","title":{"rendered":"Team Building"},"content":{"rendered":"\t<section class=\"section faq-section\" id=\"section_557236497\">\n\t\t<div class=\"bg section-bg fill bg-fill  bg-loaded\" >\n\n\t\t\t\n\t\t\t\n\t\t\t\n\n\t\t<\/div><!-- .section-bg -->\n\n\t\t<div class=\"section-content relative\">\n\t\t\t\n<div class=\"row\"  id=\"row-530313609\">\n<div class=\"col small-12 large-12\"  ><div class=\"col-inner\"  >\n<h3>Team Building<\/h3>\n<p>Una actividad orientada a la consolidaci\u00f3n de equipos.<\/p>\n<\/div><\/div>\n<\/div>\n<div class=\"row\"  id=\"row-612827078\">\n<div class=\"col building-text medium-6 small-12 large-6\"  ><div class=\"col-inner text-left\"  >\n<p>Imagina un viaje con uno o varios de tus compa\u00f1eros. Seguramente, al final de la jornada habr\u00e9is llegado a conoceros mejor. \u00bfY si durante ese viaje hubieran surgido problemas? Una rueda pinchada, quedarse sin gasolina, caminos equivocados, cancelaci\u00f3n de un vuelo\u2026<\/p>\n<p>Probablemente, una vez resueltas las adversidades, el conocimiento del equipo que te rodea ser\u00e1 mayor y esto har\u00e1 que en adelante trabaj\u00e9is de manera m\u00e1s eficiente para conseguir vuestros objetivos.<\/p>\n<p>\u201cSi buscas resultados distintos, no hagas siempre lo mismo\u201d. Albert Einstein.<\/p>\n<p>Existe la posibilidad de reservar la sala un d\u00eda entero. Para resolver cualquier duda, ponte en contacto con nosotros.<\/p>\n<\/div><\/div>\n<div class=\"col medium-6 small-12 large-6\"  ><div class=\"col-inner\"  >\n<div class=\"row row-large align-middle\"  id=\"row-850685491\">\n<div class=\"col medium-4 small-12 large-4\"  ><div class=\"col-inner text-center\"  >\n\t<div class=\"img has-hover x md-x lg-x y md-y lg-y\" id=\"image_2123266274\">\n\t\t\t\t\t\t\t\t<div class=\"img-inner dark\" >\n\t\t\t<img width=\"109\" height=\"100\" src=\"https:\/\/theroomhunter.com\/bilbao\/wp-content\/uploads\/2019\/05\/Logo-URBAN-BIKE1.jpg\" class=\"attachment-large size-large\" alt=\"\" loading=\"lazy\" \/>\t\t\t\t\t\t\n\t\t\t\t\t<\/div>\n\t\t\t\t\t\t\t\t\n<style scope=\"scope\">\n\n#image_2123266274 {\n  width: 56%;\n}\n\n\n@media (min-width:550px) {\n\n  #image_2123266274 {\n    width: 100%;\n  }\n\n}\n<\/style>\n\t<\/div>\n\t\n<\/div><\/div>\n<div class=\"col medium-4 small-12 large-4\"  ><div class=\"col-inner text-center\"  >\n\t<div class=\"img has-hover x md-x lg-x y md-y lg-y\" id=\"image_1787782834\">\n\t\t\t\t\t\t\t\t<div class=\"img-inner dark\" >\n\t\t\t<img width=\"190\" height=\"90\" src=\"https:\/\/theroomhunter.com\/bilbao\/wp-content\/uploads\/2019\/05\/logo_thinkonmarketing.jpg\" class=\"attachment-large size-large\" alt=\"\" loading=\"lazy\" \/>\t\t\t\t\t\t\n\t\t\t\t\t<\/div>\n\t\t\t\t\t\t\t\t\n<style scope=\"scope\">\n\n#image_1787782834 {\n  width: 64%;\n}\n\n\n@media (min-width:550px) {\n\n  #image_1787782834 {\n    width: 100%;\n  }\n\n}\n<\/style>\n\t<\/div>\n\t\n<\/div><\/div>\n<div class=\"col medium-4 small-12 large-4\"  ><div class=\"col-inner text-center\"  >\n\t<div class=\"img has-hover x md-x lg-x y md-y lg-y\" id=\"image_1021673022\">\n\t\t\t\t\t\t\t\t<div class=\"img-inner dark\" >\n\t\t\t<img width=\"190\" height=\"59\" src=\"https:\/\/theroomhunter.com\/bilbao\/wp-content\/uploads\/2019\/05\/logo-OHRIGINAL-hq1.jpg\" class=\"attachment-large size-large\" alt=\"\" loading=\"lazy\" \/>\t\t\t\t\t\t\n\t\t\t\t\t<\/div>\n\t\t\t\t\t\t\t\t\n<style scope=\"scope\">\n\n#image_1021673022 {\n  width: 63%;\n}\n\n\n@media (min-width:550px) {\n\n  #image_1021673022 {\n    width: 100%;\n  }\n\n}\n<\/style>\n\t<\/div>\n\t\n<\/div><\/div>\n\n<style scope=\"scope\">\n\n<\/style>\n<\/div>\n<div class=\"row row-large align-middle\"  id=\"row-1857785812\">\n<div class=\"col medium-4 small-12 large-4\"  ><div class=\"col-inner text-center\"  >\n\t<div class=\"img has-hover x md-x lg-x y md-y lg-y\" id=\"image_1584728513\">\n\t\t\t\t\t\t\t\t<div class=\"img-inner dark\" >\n\t\t\t<img width=\"161\" height=\"140\" src=\"https:\/\/theroomhunter.com\/bilbao\/wp-content\/uploads\/2019\/05\/Topagunea.jpg\" class=\"attachment-large size-large\" alt=\"\" loading=\"lazy\" \/>\t\t\t\t\t\t\n\t\t\t\t\t<\/div>\n\t\t\t\t\t\t\t\t\n<style scope=\"scope\">\n\n#image_1584728513 {\n  width: 56%;\n}\n\n\n@media (min-width:550px) {\n\n  #image_1584728513 {\n    width: 100%;\n  }\n\n}\n<\/style>\n\t<\/div>\n\t\n<\/div><\/div>\n<div class=\"col medium-4 small-12 large-4\"  ><div class=\"col-inner text-center\"  >\n\t<div class=\"img has-hover x md-x lg-x y md-y lg-y\" id=\"image_1029084758\">\n\t\t\t\t\t\t\t\t<div class=\"img-inner dark\" >\n\t\t\t<img width=\"180\" height=\"22\" src=\"https:\/\/theroomhunter.com\/bilbao\/wp-content\/uploads\/2019\/05\/Cocibur.png\" class=\"attachment-large size-large\" alt=\"\" loading=\"lazy\" \/>\t\t\t\t\t\t\n\t\t\t\t\t<\/div>\n\t\t\t\t\t\t\t\t\n<style scope=\"scope\">\n\n#image_1029084758 {\n  width: 66%;\n}\n\n\n@media (min-width:550px) {\n\n  #image_1029084758 {\n    width: 100%;\n  }\n\n}\n<\/style>\n\t<\/div>\n\t\n<\/div><\/div>\n<div class=\"col medium-4 small-12 large-4\"  ><div class=\"col-inner text-center\"  >\n\t<div class=\"img has-hover x md-x lg-x y md-y lg-y\" id=\"image_788261089\">\n\t\t\t\t\t\t\t\t<div class=\"img-inner dark\" >\n\t\t\t<img width=\"140\" height=\"140\" src=\"https:\/\/theroomhunter.com\/bilbao\/wp-content\/uploads\/2019\/05\/Lea-artibai.jpeg\" class=\"attachment-large size-large\" alt=\"\" loading=\"lazy\" \/>\t\t\t\t\t\t\n\t\t\t\t\t<\/div>\n\t\t\t\t\t\t\t\t\n<style scope=\"scope\">\n\n#image_788261089 {\n  width: 50%;\n}\n\n\n@media (min-width:550px) {\n\n  #image_788261089 {\n    width: 100%;\n  }\n\n}\n<\/style>\n\t<\/div>\n\t\n<\/div><\/div>\n\n<style scope=\"scope\">\n\n<\/style>\n<\/div>\n<div class=\"row row-large align-middle\"  id=\"row-1005720060\">\n<div class=\"col medium-4 small-12 large-4\"  ><div class=\"col-inner text-center\"  >\n\t<div class=\"img has-hover x md-x lg-x y md-y lg-y\" id=\"image_1475018830\">\n\t\t\t\t\t\t\t\t<div class=\"img-inner dark\" >\n\t\t\t<img width=\"155\" height=\"46\" src=\"https:\/\/theroomhunter.com\/bilbao\/wp-content\/uploads\/2019\/05\/astar.png\" class=\"attachment-large size-large\" alt=\"\" loading=\"lazy\" srcset=\"https:\/\/theroomhunter.com\/bilbao\/wp-content\/uploads\/2019\/05\/astar.png 155w, https:\/\/theroomhunter.com\/bilbao\/wp-content\/uploads\/2019\/05\/astar-150x46.png 150w\" sizes=\"(max-width: 155px) 100vw, 155px\" \/>\t\t\t\t\t\t\n\t\t\t\t\t<\/div>\n\t\t\t\t\t\t\t\t\n<style scope=\"scope\">\n\n#image_1475018830 {\n  width: 55%;\n}\n\n\n@media (min-width:550px) {\n\n  #image_1475018830 {\n    width: 100%;\n  }\n\n}\n<\/style>\n\t<\/div>\n\t\n<\/div><\/div>\n\n<style scope=\"scope\">\n\n<\/style>\n<\/div>\n<\/div><\/div>\n<\/div>\n\t\t<\/div><!-- .section-content -->\n\n\t\t\n<style scope=\"scope\">\n\n#section_557236497 {\n  padding-top: 30px;\n  padding-bottom: 30px;\n}\n<\/style>\n\t<\/section>\n\t\n","protected":false},"excerpt":{"rendered":"","protected":false},"author":2,"featured_media":0,"parent":0,"menu_order":0,"comment_status":"closed","ping_status":"closed","template":"page-blank.php","meta":[],"yoast_head":"<!-- This site is optimized with the Yoast SEO plugin v19.7 - https:\/\/yoast.com\/wordpress\/plugins\/seo\/ -->\n<title>Team Building - TheRoomHunter<\/title>\n<meta name=\"robots\" content=\"index, follow, max-snippet:-1, max-image-preview:large, max-video-preview:-1\" \/>\n<link rel=\"canonical\" href=\"https:\/\/theroomhunter.com\/bilbao\/team-building\/\" \/>\n<meta property=\"og:locale\" content=\"es_ES\" \/>\n<meta property=\"og:type\" content=\"article\" \/>\n<meta property=\"og:title\" content=\"Team Building - TheRoomHunter\" \/>\n<meta property=\"og:url\" content=\"https:\/\/theroomhunter.com\/bilbao\/team-building\/\" \/>\n<meta property=\"og:site_name\" content=\"TheRoomHunter\" \/>\n<meta property=\"article:modified_time\" content=\"2019-05-10T14:05:34+00:00\" \/>\n<meta name=\"twitter:card\" content=\"summary_large_image\" \/>\n<meta name=\"twitter:label1\" content=\"Tiempo de lectura\" \/>\n\t<meta name=\"twitter:data1\" content=\"1 minuto\" \/>\n<script type=\"application\/ld+json\" class=\"yoast-schema-graph\">{\"@context\":\"https:\/\/schema.org\",\"@graph\":[{\"@type\":\"WebPage\",\"@id\":\"https:\/\/theroomhunter.com\/bilbao\/team-building\/\",\"url\":\"https:\/\/theroomhunter.com\/bilbao\/team-building\/\",\"name\":\"Team Building - TheRoomHunter\",\"isPartOf\":{\"@id\":\"https:\/\/theroomhunter.com\/bilbao\/#website\"},\"datePublished\":\"2019-05-09T13:04:36+00:00\",\"dateModified\":\"2019-05-10T14:05:34+00:00\",\"breadcrumb\":{\"@id\":\"https:\/\/theroomhunter.com\/bilbao\/team-building\/#breadcrumb\"},\"inLanguage\":\"es\",\"potentialAction\":[{\"@type\":\"ReadAction\",\"target\":[\"https:\/\/theroomhunter.com\/bilbao\/team-building\/\"]}]},{\"@type\":\"BreadcrumbList\",\"@id\":\"https:\/\/theroomhunter.com\/bilbao\/team-building\/#breadcrumb\",\"itemListElement\":[{\"@type\":\"ListItem\",\"position\":1,\"name\":\"Portada\",\"item\":\"https:\/\/theroomhunter.com\/bilbao\/\"},{\"@type\":\"ListItem\",\"position\":2,\"name\":\"Team Building\"}]},{\"@type\":\"WebSite\",\"@id\":\"https:\/\/theroomhunter.com\/bilbao\/#website\",\"url\":\"https:\/\/theroomhunter.com\/bilbao\/\",\"name\":\"TheRoomHunter\",\"description\":\"\",\"potentialAction\":[{\"@type\":\"SearchAction\",\"target\":{\"@type\":\"EntryPoint\",\"urlTemplate\":\"https:\/\/theroomhunter.com\/bilbao\/?s={search_term_string}\"},\"query-input\":\"required name=search_term_string\"}],\"inLanguage\":\"es\"}]}<\/script>\n<!-- \/ Yoast SEO plugin. -->","yoast_head_json":{"title":"Team Building - TheRoomHunter","robots":{"index":"index","follow":"follow","max-snippet":"max-snippet:-1","max-image-preview":"max-image-preview:large","max-video-preview":"max-video-preview:-1"},"canonical":"https:\/\/theroomhunter.com\/bilbao\/team-building\/","og_locale":"es_ES","og_type":"article","og_title":"Team Building - TheRoomHunter","og_url":"https:\/\/theroomhunter.com\/bilbao\/team-building\/","og_site_name":"TheRoomHunter","article_modified_time":"2019-05-10T14:05:34+00:00","twitter_card":"summary_large_image","twitter_misc":{"Tiempo de lectura":"1 minuto"},"schema":{"@context":"https:\/\/schema.org","@graph":[{"@type":"WebPage","@id":"https:\/\/theroomhunter.com\/bilbao\/team-building\/","url":"https:\/\/theroomhunter.com\/bilbao\/team-building\/","name":"Team Building - TheRoomHunter","isPartOf":{"@id":"https:\/\/theroomhunter.com\/bilbao\/#website"},"datePublished":"2019-05-09T13:04:36+00:00","dateModified":"2019-05-10T14:05:34+00:00","breadcrumb":{"@id":"https:\/\/theroomhunter.com\/bilbao\/team-building\/#breadcrumb"},"inLanguage":"es","potentialAction":[{"@type":"ReadAction","target":["https:\/\/theroomhunter.com\/bilbao\/team-building\/"]}]},{"@type":"BreadcrumbList","@id":"https:\/\/theroomhunter.com\/bilbao\/team-building\/#breadcrumb","itemListElement":[{"@type":"ListItem","position":1,"name":"Portada","item":"https:\/\/theroomhunter.com\/bilbao\/"},{"@type":"ListItem","position":2,"name":"Team Building"}]},{"@type":"WebSite","@id":"https:\/\/theroomhunter.com\/bilbao\/#website","url":"https:\/\/theroomhunter.com\/bilbao\/","name":"TheRoomHunter","description":"","potentialAction":[{"@type":"SearchAction","target":{"@type":"EntryPoint","urlTemplate":"https:\/\/theroomhunter.com\/bilbao\/?s={search_term_string}"},"query-input":"required name=search_term_string"}],"inLanguage":"es"}]}},"_links":{"self":[{"href":"https:\/\/theroomhunter.com\/bilbao\/wp-json\/wp\/v2\/pages\/211"}],"collection":[{"href":"https:\/\/theroomhunter.com\/bilbao\/wp-json\/wp\/v2\/pages"}],"about":[{"href":"https:\/\/theroomhunter.com\/bilbao\/wp-json\/wp\/v2\/types\/page"}],"author":[{"embeddable":true,"href":"https:\/\/theroomhunter.com\/bilbao\/wp-json\/wp\/v2\/users\/2"}],"replies":[{"embeddable":true,"href":"https:\/\/theroomhunter.com\/bilbao\/wp-json\/wp\/v2\/comments?post=211"}],"version-history":[{"count":11,"href":"https:\/\/theroomhunter.com\/bilbao\/wp-json\/wp\/v2\/pages\/211\/revisions"}],"predecessor-version":[{"id":294,"href":"https:\/\/theroomhunter.com\/bilbao\/wp-json\/wp\/v2\/pages\/211\/revisions\/294"}],"wp:attachment":[{"href":"https:\/\/theroomhunter.com\/bilbao\/wp-json\/wp\/v2\/media?parent=211"}],"curies":[{"name":"wp","href":"https:\/\/api.w.org\/{rel}","templated":true}]}}