{"id":2,"date":"2019-01-16T11:12:57","date_gmt":"2019-01-16T11:12:57","guid":{"rendered":"https:\/\/theroomhunter.com\/bilbao\/?page_id=2"},"modified":"2020-02-10T10:17:52","modified_gmt":"2020-02-10T10:17:52","slug":"que-es-venenum","status":"publish","type":"page","link":"https:\/\/theroomhunter.com\/bilbao\/","title":{"rendered":"Inicio"},"content":{"rendered":"\t<section class=\"section\" id=\"section_1013267601\">\n\t\t<div class=\"bg section-bg fill bg-fill  bg-loaded\" >\n\n\t\t\t\n\t\t\t\n\t\t\t\n\n\t\t<\/div><!-- .section-bg -->\n\n\t\t<div class=\"section-content relative\">\n\t\t\t\n<div class=\"row\"  id=\"row-588158391\">\n<div class=\"col small-12 large-12\"  ><div class=\"col-inner text-center\"  >\n<div class=\"container section-title-container\" ><h3 class=\"section-title section-title-center\"><b><\/b><span class=\"section-title-main\" style=\"font-size:150%;\">LAS PRUEBAS KL1M8<\/span><b><\/b><\/h3><\/div><!-- .section-title -->\n<p>(Una historia de La Abad\u00eda de Atxuri)<\/p>\n<p>The Roomhunter presenta en Bilbao su sala de escape \u201cLas Pruebas\u201d KL<sub>1<\/sub>M<sub>8<\/sub><\/br><br \/>\nDisponemos de 60 minutos para superar las diferentes pruebas que os har\u00e1n merecedores de continuar con los trabajos del boticario de La Abad\u00eda de Atxuri.<\/br><br \/>\n<strong>Conseguid el ingrediente cero del ant\u00eddoto y demostrad al Padre Am\u00e9zaga que est\u00e1is capacitados para continuar con su legado.<\/strong><\/br><br \/>\nEl trabajo en equipo, la observaci\u00f3n y la l\u00f3gica os ayudar\u00e1n a completar vuestro objetivo.<\/p>\n<\/div><\/div>\n<\/div>\n<div class=\"row row-collapse align-equal row-divided\" style=\"max-width:1500px\" id=\"row-1906223653\">\n<div class=\"col medium-12 small-12 large-6\"  ><div class=\"col-inner\"  >\n\t<div class=\"img has-hover x md-x lg-x y md-y lg-y\" id=\"image_757848262\">\n\t\t\t\t\t\t\t\t<div class=\"img-inner image-cover dark\" style=\"padding-top:450px;\">\n\t\t\t<img width=\"1500\" height=\"1125\" src=\"https:\/\/theroomhunter.com\/bilbao\/wp-content\/uploads\/2020\/01\/nuestra-aventura.jpg\" class=\"attachment-original size-original\" alt=\"\" loading=\"lazy\" srcset=\"https:\/\/theroomhunter.com\/bilbao\/wp-content\/uploads\/2020\/01\/nuestra-aventura.jpg 1500w, https:\/\/theroomhunter.com\/bilbao\/wp-content\/uploads\/2020\/01\/nuestra-aventura-300x225.jpg 300w, https:\/\/theroomhunter.com\/bilbao\/wp-content\/uploads\/2020\/01\/nuestra-aventura-768x576.jpg 768w, https:\/\/theroomhunter.com\/bilbao\/wp-content\/uploads\/2020\/01\/nuestra-aventura-1024x768.jpg 1024w\" sizes=\"(max-width: 1500px) 100vw, 1500px\" \/>\t\t\t\t\t\t\n\t\t\t\t\t<\/div>\n\t\t\t\t\t\t\t\t\n<style scope=\"scope\">\n\n#image_757848262 {\n  width: 100%;\n}\n<\/style>\n\t<\/div>\n\t\n<\/div><\/div>\n<div class=\"col medium-12 small-12 large-6\"  ><div class=\"col-inner\"  >\n<div class=\"nuestra-aventura\">\n<p class=\"title\">Nuestra aventura<\/p>\n<p>Bot\u00e1nica, caligraf\u00eda, alquimia\u2026 Todos son pelda\u00f1os de una misma escalera. Escalera que os llevar\u00e1 a la Abad\u00eda de Atxuri.<\/p>\n<p>Corren rumores de que en el Casco Viejo de Bilbao, existe un lugar en el que los diferentes boticarios de La Abad\u00eda de Atxuri se han preparado  para poder hacerse cargo de la congregaci\u00f3n. Acude a la llamada desesperada del Padre Am\u00e9zaga y demuestra que est\u00e1s capacitado para continuar con sus trabajos.<\/p>\n<p>\u00bfTe atreves?<\/p>\n<a href=\"https:\/\/theroomhunter.com\/bilbao\/reservas\/\" target=\"_self\" class=\"button primary\"  >\n    <span>Reserva ahora<\/span>\n  <\/a>\n\n<\/div>\n<\/div><\/div>\n\n<style scope=\"scope\">\n\n#row-1906223653 > .col > .col-inner {\n  background-color: rgb(228, 228, 228);\n}\n<\/style>\n<\/div>\n<div class=\"features\">\n<div class=\"feature-single\">\n<div class=\"control\"><img src=\"https:\/\/theroomhunter.com\/bilbao\/wp-content\/uploads\/2020\/01\/botanica.png\"><\/p>\n<p class=\"title\">Bot\u00e1nica<\/p>\n<\/p>\n<\/div>\n<\/div>\n<div class=\"feature-single\">\n<div class=\"control\"><img src=\"https:\/\/theroomhunter.com\/bilbao\/wp-content\/uploads\/2020\/01\/caligrafia.png\"><\/p>\n<p class=\"title\">Caligraf\u00eda<\/p>\n<\/p>\n<\/div>\n<\/div>\n<div class=\"feature-single\">\n<div class=\"control\"><img src=\"https:\/\/theroomhunter.com\/bilbao\/wp-content\/uploads\/2020\/01\/alquimia.png\"><\/p>\n<p class=\"title\">Alquimia<\/p>\n<\/p>\n<\/div>\n<\/div>\n<div class=\"feature-single\">\n<div class=\"control\"><img src=\"https:\/\/theroomhunter.com\/bilbao\/wp-content\/uploads\/2020\/01\/sanacion.png\"><\/p>\n<p class=\"title\">Sanaci\u00f3n<\/p>\n<\/p>\n<\/div>\n<\/div>\n<div class=\"feature-single\">\n<div class=\"control\"><img src=\"https:\/\/theroomhunter.com\/bilbao\/wp-content\/uploads\/2020\/01\/completa-pruebas.png\"><\/p>\n<p class=\"title\">Completa las pruebas<\/p>\n<\/p>\n<\/div>\n<\/div>\n<\/div>\n\t\t<\/div><!-- .section-content -->\n\n\t\t\n<style scope=\"scope\">\n\n#section_1013267601 {\n  padding-top: 80px;\n  padding-bottom: 80px;\n}\n<\/style>\n\t<\/section>\n\t\n","protected":false},"excerpt":{"rendered":"","protected":false},"author":1,"featured_media":0,"parent":0,"menu_order":0,"comment_status":"closed","ping_status":"open","template":"page-blank.php","meta":[],"yoast_head":"<!-- This site is optimized with the Yoast SEO plugin v19.7 - https:\/\/yoast.com\/wordpress\/plugins\/seo\/ -->\n<title>Inicio - TheRoomHunter<\/title>\n<meta name=\"robots\" content=\"index, follow, max-snippet:-1, max-image-preview:large, max-video-preview:-1\" \/>\n<link rel=\"canonical\" href=\"https:\/\/theroomhunter.com\/bilbao\/\" \/>\n<meta property=\"og:locale\" content=\"es_ES\" \/>\n<meta property=\"og:type\" content=\"article\" \/>\n<meta property=\"og:title\" content=\"Inicio - TheRoomHunter\" \/>\n<meta property=\"og:url\" content=\"https:\/\/theroomhunter.com\/bilbao\/\" \/>\n<meta property=\"og:site_name\" content=\"TheRoomHunter\" \/>\n<meta property=\"article:modified_time\" content=\"2020-02-10T10:17:52+00:00\" \/>\n<meta property=\"og:image\" content=\"https:\/\/theroomhunter.com\/bilbao\/wp-content\/uploads\/2020\/01\/botanica.png\" \/>\n<meta name=\"twitter:card\" content=\"summary_large_image\" \/>\n<meta name=\"twitter:label1\" content=\"Tiempo de lectura\" \/>\n\t<meta name=\"twitter:data1\" content=\"1 minuto\" \/>\n<script type=\"application\/ld+json\" class=\"yoast-schema-graph\">{\"@context\":\"https:\/\/schema.org\",\"@graph\":[{\"@type\":\"WebPage\",\"@id\":\"https:\/\/theroomhunter.com\/bilbao\/\",\"url\":\"https:\/\/theroomhunter.com\/bilbao\/\",\"name\":\"Inicio - TheRoomHunter\",\"isPartOf\":{\"@id\":\"https:\/\/theroomhunter.com\/bilbao\/#website\"},\"datePublished\":\"2019-01-16T11:12:57+00:00\",\"dateModified\":\"2020-02-10T10:17:52+00:00\",\"breadcrumb\":{\"@id\":\"https:\/\/theroomhunter.com\/bilbao\/#breadcrumb\"},\"inLanguage\":\"es\",\"potentialAction\":[{\"@type\":\"ReadAction\",\"target\":[\"https:\/\/theroomhunter.com\/bilbao\/\"]}]},{\"@type\":\"BreadcrumbList\",\"@id\":\"https:\/\/theroomhunter.com\/bilbao\/#breadcrumb\",\"itemListElement\":[{\"@type\":\"ListItem\",\"position\":1,\"name\":\"Portada\",\"item\":\"https:\/\/theroomhunter.com\/bilbao\/\"},{\"@type\":\"ListItem\",\"position\":2,\"name\":\"Inicio\"}]},{\"@type\":\"WebSite\",\"@id\":\"https:\/\/theroomhunter.com\/bilbao\/#website\",\"url\":\"https:\/\/theroomhunter.com\/bilbao\/\",\"name\":\"TheRoomHunter\",\"description\":\"\",\"potentialAction\":[{\"@type\":\"SearchAction\",\"target\":{\"@type\":\"EntryPoint\",\"urlTemplate\":\"https:\/\/theroomhunter.com\/bilbao\/?s={search_term_string}\"},\"query-input\":\"required name=search_term_string\"}],\"inLanguage\":\"es\"}]}<\/script>\n<!-- \/ Yoast SEO plugin. -->","yoast_head_json":{"title":"Inicio - TheRoomHunter","robots":{"index":"index","follow":"follow","max-snippet":"max-snippet:-1","max-image-preview":"max-image-preview:large","max-video-preview":"max-video-preview:-1"},"canonical":"https:\/\/theroomhunter.com\/bilbao\/","og_locale":"es_ES","og_type":"article","og_title":"Inicio - TheRoomHunter","og_url":"https:\/\/theroomhunter.com\/bilbao\/","og_site_name":"TheRoomHunter","article_modified_time":"2020-02-10T10:17:52+00:00","og_image":[{"url":"https:\/\/theroomhunter.com\/bilbao\/wp-content\/uploads\/2020\/01\/botanica.png"}],"twitter_card":"summary_large_image","twitter_misc":{"Tiempo de lectura":"1 minuto"},"schema":{"@context":"https:\/\/schema.org","@graph":[{"@type":"WebPage","@id":"https:\/\/theroomhunter.com\/bilbao\/","url":"https:\/\/theroomhunter.com\/bilbao\/","name":"Inicio - TheRoomHunter","isPartOf":{"@id":"https:\/\/theroomhunter.com\/bilbao\/#website"},"datePublished":"2019-01-16T11:12:57+00:00","dateModified":"2020-02-10T10:17:52+00:00","breadcrumb":{"@id":"https:\/\/theroomhunter.com\/bilbao\/#breadcrumb"},"inLanguage":"es","potentialAction":[{"@type":"ReadAction","target":["https:\/\/theroomhunter.com\/bilbao\/"]}]},{"@type":"BreadcrumbList","@id":"https:\/\/theroomhunter.com\/bilbao\/#breadcrumb","itemListElement":[{"@type":"ListItem","position":1,"name":"Portada","item":"https:\/\/theroomhunter.com\/bilbao\/"},{"@type":"ListItem","position":2,"name":"Inicio"}]},{"@type":"WebSite","@id":"https:\/\/theroomhunter.com\/bilbao\/#website","url":"https:\/\/theroomhunter.com\/bilbao\/","name":"TheRoomHunter","description":"","potentialAction":[{"@type":"SearchAction","target":{"@type":"EntryPoint","urlTemplate":"https:\/\/theroomhunter.com\/bilbao\/?s={search_term_string}"},"query-input":"required name=search_term_string"}],"inLanguage":"es"}]}},"_links":{"self":[{"href":"https:\/\/theroomhunter.com\/bilbao\/wp-json\/wp\/v2\/pages\/2"}],"collection":[{"href":"https:\/\/theroomhunter.com\/bilbao\/wp-json\/wp\/v2\/pages"}],"about":[{"href":"https:\/\/theroomhunter.com\/bilbao\/wp-json\/wp\/v2\/types\/page"}],"author":[{"embeddable":true,"href":"https:\/\/theroomhunter.com\/bilbao\/wp-json\/wp\/v2\/users\/1"}],"replies":[{"embeddable":true,"href":"https:\/\/theroomhunter.com\/bilbao\/wp-json\/wp\/v2\/comments?post=2"}],"version-history":[{"count":57,"href":"https:\/\/theroomhunter.com\/bilbao\/wp-json\/wp\/v2\/pages\/2\/revisions"}],"predecessor-version":[{"id":367,"href":"https:\/\/theroomhunter.com\/bilbao\/wp-json\/wp\/v2\/pages\/2\/revisions\/367"}],"wp:attachment":[{"href":"https:\/\/theroomhunter.com\/bilbao\/wp-json\/wp\/v2\/media?parent=2"}],"curies":[{"name":"wp","href":"https:\/\/api.w.org\/{rel}","templated":true}]}}