{"id":14,"date":"2019-01-16T13:46:17","date_gmt":"2019-01-16T13:46:17","guid":{"rendered":"https:\/\/theroomhunter.com\/bilbao\/?page_id=14"},"modified":"2022-01-13T08:15:37","modified_gmt":"2022-01-13T08:15:37","slug":"reservas","status":"publish","type":"page","link":"https:\/\/theroomhunter.com\/bilbao\/reservas\/","title":{"rendered":"Reservas"},"content":{"rendered":"\t<section class=\"section\" id=\"section_785680296\">\n\t\t<div class=\"bg section-bg fill bg-fill  bg-loaded\" >\n\n\t\t\t\n\t\t\t\n\t\t\t\n\n\t\t<\/div><!-- .section-bg -->\n\n\t\t<div class=\"section-content relative\">\n\t\t\t\n<div class=\"row booking-title\"  id=\"row-709353725\">\n<div class=\"col small-12 large-12\"  ><div class=\"col-inner\"  >\n<h3>Realiza la reserva de tu aventura<\/h3>\n<p>Para cualquier otra duda no reflejada en este apartado p\u00f3ngase en contacto con nosotros.<\/p>\n<div class=\"info-box\">\n<p>El juego\u00a0 se disfruta m\u00e1s siendo 4 personas m\u00e1ximo, por un tema de espacio, de comodidad para vosotras, si por el motivo que sea sois <b>5 personas<\/b> y quer\u00e9is jugar la aventura, poneos en contacto con nosotros en el 660 316 783, el coste para un grupo de 5 personas es de 85 \u20ac<\/p>\n<\/div>\n<\/div><\/div>\n\n<style scope=\"scope\">\n\n<\/style>\n<\/div>\n<div class=\"row booking-columns\"  id=\"row-412769780\">\n<div class=\"col medium-12 small-12 large-6\"  ><div class=\"col-inner\"  >\n<div class=\"number-container\">\n<div class=\"number\"><span>1<\/span><\/div>\n<div class=\"text\">\n<div class=\"control\">\n<p class=\"title\">\u00bfCu\u00e1ndo quieres venir?<\/p>\n<p>Elige una fecha que te encaje y aparecer\u00e1n las diferentes sesiones disponibles para ese d\u00eda. En rojo son las sesiones ocupadas y en verde las que se pueden reservar.<\/p>\n<\/p>\n<\/div>\n<\/div>\n<\/div>\n<div class=\"number-container\">\n<div class=\"number\"><span>2<\/span><\/div>\n<div class=\"text\">\n<div class=\"control\">\n<p class=\"title\">N\u00ba de participantes<\/p>\n<p>A continuaci\u00f3n te preguntaremos el n\u00famero de participantes que visitareis el convento, si el d\u00eda del juego acab\u00e1is yendo m\u00e1s, la diferencia econ\u00f3mica se pagar\u00e1 en met\u00e1lico antes de jugar.<\/p>\n<\/p>\n<\/div>\n<\/div>\n<\/div>\n<div class=\"number-container\">\n<div class=\"number\"><span>3<\/span><\/div>\n<div class=\"text\">\n<div class=\"control\">\n<p class=\"title\">Confirmaci\u00f3n de tu reserva<\/p>\n<p>Recibir\u00e1s un correo electr\u00f3nico con la fecha y hora para tu aventura.<\/p>\n<\/p>\n<\/div>\n<\/div>\n<\/div>\n<\/div><\/div>\n<div class=\"col medium-12 small-12 large-6\"  ><div class=\"col-inner\"  >\n<div class=\"widget-iframe-content\" data-event-id=\"026c31bc\" data-app-url=\"https:\/\/www.ticketself.com\/\" data-event-url=\"https:\/\/www.ticketself.com\/event\/026c31bc?widget=1\"> Compra aqu\u00ed tus entradas<\/div> <script type=\"text\/javascript\" src=\"https:\/\/www.ticketself.com\/assets\/default\/js\/widget-multi-iframe.js\"><\/script>\n<\/div><\/div>\n\n<style scope=\"scope\">\n\n<\/style>\n<\/div>\n\t\t<\/div><!-- .section-content -->\n\n\t\t\n<style scope=\"scope\">\n\n#section_785680296 {\n  padding-top: 30px;\n  padding-bottom: 30px;\n  background-color: rgb(242, 242, 242);\n}\n<\/style>\n\t<\/section>\n\t\n","protected":false},"excerpt":{"rendered":"","protected":false},"author":1,"featured_media":0,"parent":0,"menu_order":0,"comment_status":"closed","ping_status":"closed","template":"page-blank.php","meta":[],"yoast_head":"<!-- This site is optimized with the Yoast SEO plugin v19.7 - https:\/\/yoast.com\/wordpress\/plugins\/seo\/ -->\n<title>Reservas - TheRoomHunter<\/title>\n<meta name=\"robots\" content=\"index, follow, max-snippet:-1, max-image-preview:large, max-video-preview:-1\" \/>\n<link rel=\"canonical\" href=\"https:\/\/theroomhunter.com\/bilbao\/reservas\/\" \/>\n<meta property=\"og:locale\" content=\"es_ES\" \/>\n<meta property=\"og:type\" content=\"article\" \/>\n<meta property=\"og:title\" content=\"Reservas - TheRoomHunter\" \/>\n<meta property=\"og:url\" content=\"https:\/\/theroomhunter.com\/bilbao\/reservas\/\" \/>\n<meta property=\"og:site_name\" content=\"TheRoomHunter\" \/>\n<meta property=\"article:modified_time\" content=\"2022-01-13T08:15:37+00:00\" \/>\n<meta name=\"twitter:card\" content=\"summary_large_image\" \/>\n<meta name=\"twitter:label1\" content=\"Tiempo de lectura\" \/>\n\t<meta name=\"twitter:data1\" content=\"1 minuto\" \/>\n<script type=\"application\/ld+json\" class=\"yoast-schema-graph\">{\"@context\":\"https:\/\/schema.org\",\"@graph\":[{\"@type\":\"WebPage\",\"@id\":\"https:\/\/theroomhunter.com\/bilbao\/reservas\/\",\"url\":\"https:\/\/theroomhunter.com\/bilbao\/reservas\/\",\"name\":\"Reservas - TheRoomHunter\",\"isPartOf\":{\"@id\":\"https:\/\/theroomhunter.com\/bilbao\/#website\"},\"datePublished\":\"2019-01-16T13:46:17+00:00\",\"dateModified\":\"2022-01-13T08:15:37+00:00\",\"breadcrumb\":{\"@id\":\"https:\/\/theroomhunter.com\/bilbao\/reservas\/#breadcrumb\"},\"inLanguage\":\"es\",\"potentialAction\":[{\"@type\":\"ReadAction\",\"target\":[\"https:\/\/theroomhunter.com\/bilbao\/reservas\/\"]}]},{\"@type\":\"BreadcrumbList\",\"@id\":\"https:\/\/theroomhunter.com\/bilbao\/reservas\/#breadcrumb\",\"itemListElement\":[{\"@type\":\"ListItem\",\"position\":1,\"name\":\"Portada\",\"item\":\"https:\/\/theroomhunter.com\/bilbao\/\"},{\"@type\":\"ListItem\",\"position\":2,\"name\":\"Reservas\"}]},{\"@type\":\"WebSite\",\"@id\":\"https:\/\/theroomhunter.com\/bilbao\/#website\",\"url\":\"https:\/\/theroomhunter.com\/bilbao\/\",\"name\":\"TheRoomHunter\",\"description\":\"\",\"potentialAction\":[{\"@type\":\"SearchAction\",\"target\":{\"@type\":\"EntryPoint\",\"urlTemplate\":\"https:\/\/theroomhunter.com\/bilbao\/?s={search_term_string}\"},\"query-input\":\"required name=search_term_string\"}],\"inLanguage\":\"es\"}]}<\/script>\n<!-- \/ Yoast SEO plugin. -->","yoast_head_json":{"title":"Reservas - TheRoomHunter","robots":{"index":"index","follow":"follow","max-snippet":"max-snippet:-1","max-image-preview":"max-image-preview:large","max-video-preview":"max-video-preview:-1"},"canonical":"https:\/\/theroomhunter.com\/bilbao\/reservas\/","og_locale":"es_ES","og_type":"article","og_title":"Reservas - TheRoomHunter","og_url":"https:\/\/theroomhunter.com\/bilbao\/reservas\/","og_site_name":"TheRoomHunter","article_modified_time":"2022-01-13T08:15:37+00:00","twitter_card":"summary_large_image","twitter_misc":{"Tiempo de lectura":"1 minuto"},"schema":{"@context":"https:\/\/schema.org","@graph":[{"@type":"WebPage","@id":"https:\/\/theroomhunter.com\/bilbao\/reservas\/","url":"https:\/\/theroomhunter.com\/bilbao\/reservas\/","name":"Reservas - TheRoomHunter","isPartOf":{"@id":"https:\/\/theroomhunter.com\/bilbao\/#website"},"datePublished":"2019-01-16T13:46:17+00:00","dateModified":"2022-01-13T08:15:37+00:00","breadcrumb":{"@id":"https:\/\/theroomhunter.com\/bilbao\/reservas\/#breadcrumb"},"inLanguage":"es","potentialAction":[{"@type":"ReadAction","target":["https:\/\/theroomhunter.com\/bilbao\/reservas\/"]}]},{"@type":"BreadcrumbList","@id":"https:\/\/theroomhunter.com\/bilbao\/reservas\/#breadcrumb","itemListElement":[{"@type":"ListItem","position":1,"name":"Portada","item":"https:\/\/theroomhunter.com\/bilbao\/"},{"@type":"ListItem","position":2,"name":"Reservas"}]},{"@type":"WebSite","@id":"https:\/\/theroomhunter.com\/bilbao\/#website","url":"https:\/\/theroomhunter.com\/bilbao\/","name":"TheRoomHunter","description":"","potentialAction":[{"@type":"SearchAction","target":{"@type":"EntryPoint","urlTemplate":"https:\/\/theroomhunter.com\/bilbao\/?s={search_term_string}"},"query-input":"required name=search_term_string"}],"inLanguage":"es"}]}},"_links":{"self":[{"href":"https:\/\/theroomhunter.com\/bilbao\/wp-json\/wp\/v2\/pages\/14"}],"collection":[{"href":"https:\/\/theroomhunter.com\/bilbao\/wp-json\/wp\/v2\/pages"}],"about":[{"href":"https:\/\/theroomhunter.com\/bilbao\/wp-json\/wp\/v2\/types\/page"}],"author":[{"embeddable":true,"href":"https:\/\/theroomhunter.com\/bilbao\/wp-json\/wp\/v2\/users\/1"}],"replies":[{"embeddable":true,"href":"https:\/\/theroomhunter.com\/bilbao\/wp-json\/wp\/v2\/comments?post=14"}],"version-history":[{"count":24,"href":"https:\/\/theroomhunter.com\/bilbao\/wp-json\/wp\/v2\/pages\/14\/revisions"}],"predecessor-version":[{"id":390,"href":"https:\/\/theroomhunter.com\/bilbao\/wp-json\/wp\/v2\/pages\/14\/revisions\/390"}],"wp:attachment":[{"href":"https:\/\/theroomhunter.com\/bilbao\/wp-json\/wp\/v2\/media?parent=14"}],"curies":[{"name":"wp","href":"https:\/\/api.w.org\/{rel}","templated":true}]}}