{"id":10,"date":"2019-01-16T13:45:52","date_gmt":"2019-01-16T13:45:52","guid":{"rendered":"https:\/\/theroomhunter.com\/bilbao\/?page_id=10"},"modified":"2020-01-03T13:00:55","modified_gmt":"2020-01-03T13:00:55","slug":"preguntas-frecuentes","status":"publish","type":"page","link":"https:\/\/theroomhunter.com\/bilbao\/preguntas-frecuentes\/","title":{"rendered":"Preguntas frecuentes"},"content":{"rendered":"\t<section class=\"section faq-section\" id=\"section_969189908\">\n\t\t<div class=\"bg section-bg fill bg-fill  bg-loaded\" >\n\n\t\t\t\n\t\t\t\n\t\t\t\n\n\t\t<\/div><!-- .section-bg -->\n\n\t\t<div class=\"section-content relative\">\n\t\t\t\n<div class=\"row\"  id=\"row-1793222637\">\n<div class=\"col small-12 large-12\"  ><div class=\"col-inner\"  >\n<h3>Preguntas frecuentes<\/h3>\n<p>Para cualquier otra duda no reflejada en este apartado poneos en contacto con nosotros.<\/p>\n<div class=\"accordion\" rel=\"1\">\n<div class=\"accordion-item\"><a href=\"#\" class=\"accordion-title plain\"><button class=\"toggle\"><i class=\"icon-angle-down\"><\/i><\/button><span>\u00bfHay alg\u00fan l\u00edmite de edad para los jugadores?<\/span><\/a><div class=\"accordion-inner\">\n<p>La aventura est\u00e1 pensada para mayores de 18 a\u00f1os, los participantes entre 11 y 17 a\u00f1os deber\u00e1n ir acompa\u00f1ados de un adulto.<\/p>\n<\/div><\/div>\n<div class=\"accordion-item\"><a href=\"#\" class=\"accordion-title plain\"><button class=\"toggle\"><i class=\"icon-angle-down\"><\/i><\/button><span>\u00bfEs necesaria la fuerza y la agilidad?<\/span><\/a><div class=\"accordion-inner\">\n<p>Es un juego que requiere observaci\u00f3n, trabajo en equipo, creatividad, comunicaci\u00f3ny decisi\u00f3n, son los \u00fanicos requisitos para participar.<\/p>\n<\/div><\/div>\n<div class=\"accordion-item\"><a href=\"#\" class=\"accordion-title plain\"><button class=\"toggle\"><i class=\"icon-angle-down\"><\/i><\/button><span>\u00bfCu\u00e1nto cuesta?<\/span><\/a><div class=\"accordion-inner\">\n<p>El precio es variable seg\u00fan el n\u00famero de participantes, en el apartado de reservas podr\u00e1s consultar todas la tarifas.<\/p>\n<\/div><\/div>\n<div class=\"accordion-item\"><a href=\"#\" class=\"accordion-title plain\"><button class=\"toggle\"><i class=\"icon-angle-down\"><\/i><\/button><span>\u00bfPuedo cancelar la reserva?<\/span><\/a><div class=\"accordion-inner\">\n<p>Si cancelas con menos de 24 horas de antelaci\u00f3n, lo sentimos pero no se reembolsa el dinero.<\/p>\n<p>Si la cancelaci\u00f3n es anterior, podr\u00e1s elegir otra fecha y hora para jugar.<\/p>\n<\/div><\/div>\n<div class=\"accordion-item\"><a href=\"#\" class=\"accordion-title plain\"><button class=\"toggle\"><i class=\"icon-angle-down\"><\/i><\/button><span>Somos m\u00e1s de 5 amigos \u00bfPodemos jugar?<\/span><\/a><div class=\"accordion-inner\">\n<p>El juego est\u00e1 pensado para un m\u00e1ximo de 5 participantes por sesi\u00f3n, aunque nuestra recomendaci\u00f3n es que para disfrutar de una manera m\u00e1s completa de la experiencia los grupos sean de m\u00e1ximo 4 personas.<\/p>\n<\/div><\/div>\n<div class=\"accordion-item\"><a href=\"#\" class=\"accordion-title plain\"><button class=\"toggle\"><i class=\"icon-angle-down\"><\/i><\/button><span>\u00bfMerece la pena jugar si solo somos dos?<\/span><\/a><div class=\"accordion-inner\">\n<p>No es ning\u00fan problema, hay parejas muy bien compenetradas.<\/p>\n<\/div><\/div>\n<div class=\"accordion-item\"><a href=\"#\" class=\"accordion-title plain\"><button class=\"toggle\"><i class=\"icon-angle-down\"><\/i><\/button><span>Si me agobio en cualquier momento de la partida \u00bfPuedo salir?<\/span><\/a><div class=\"accordion-inner\">\n<p>Evidentemente, hay un bot\u00f3n de apertura de puerta, que se puede usar en cualquier momento en el que un participante quiera abandonar el juego.<\/p>\n<p>Y el resto del equipo puede continuar con la misi\u00f3n.<\/p>\n<\/div><\/div>\n<div class=\"accordion-item\"><a href=\"#\" class=\"accordion-title plain\"><button class=\"toggle\"><i class=\"icon-angle-down\"><\/i><\/button><span>\u00bfY si quiero ir al lavabo?<\/span><\/a><div class=\"accordion-inner\">\n<p>Hay un lavabo dentro del juego, as\u00ed que por eso estate tranquilo.<\/p>\n<\/div><\/div>\n<div class=\"accordion-item\"><a href=\"#\" class=\"accordion-title plain\"><button class=\"toggle\"><i class=\"icon-angle-down\"><\/i><\/button><span>\u00bfCu\u00e1l es la forma de pago?<\/span><\/a><div class=\"accordion-inner\">\n<p>Pago con tarjeta de cr\u00e9dito.<\/p>\n<p>Si la reserva se produce en el mismo d\u00eda en el que se quiere jugar, se puede pagar al contado.<\/p>\n<\/div><\/div>\n<div class=\"accordion-item\"><a href=\"#\" class=\"accordion-title plain\"><button class=\"toggle\"><i class=\"icon-angle-down\"><\/i><\/button><span>Necesito factura<\/span><\/a><div class=\"accordion-inner\">\n<p>Si necesitas que te emitamos factura, tendr\u00e1s una opci\u00f3n en el apartado de reservas, en el cual se te requerir\u00e1n una serie de datos (Raz\u00f3n Social, CIF\u2026) para poder emitir vuestra factura.<\/p>\n<\/div><\/div>\n<div class=\"accordion-item\"><a href=\"#\" class=\"accordion-title plain\"><button class=\"toggle\"><i class=\"icon-angle-down\"><\/i><\/button><span>Puntualidad<\/span><\/a><div class=\"accordion-inner\">\n<p>Si el grupo de participantes llega 5 minutos despu\u00e9s de la hora para la que tienen la reserva, lo sentimos pero no se podr\u00e1 acceder al juego y no se reembolsar\u00e1 el dinero.<\/p>\n<p>Tenemos que entender que la preparaci\u00f3n de la sala requiere un tiempo y la falta de puntualidad puede conllevar que el resto de sesiones se vean afectadas.<\/p>\n<\/div><\/div>\n<div class=\"accordion-item\"><a href=\"#\" class=\"accordion-title plain\"><button class=\"toggle\"><i class=\"icon-angle-down\"><\/i><\/button><span>\u00bfPuedo jugar si no hablo espa\u00f1ol?<\/span><\/a><div class=\"accordion-inner\">\n<p>No es necesario saber ning\u00fan idioma en concreto para resolver la misi\u00f3n, y para las indicaciones previas al juego, no os preocup\u00e9is, nos acabaremos entendiendo.<\/p>\n<\/div><\/div>\n<\/div>\n<\/div><\/div>\n<\/div>\n\t\t<\/div><!-- .section-content -->\n\n\t\t\n<style scope=\"scope\">\n\n#section_969189908 {\n  padding-top: 30px;\n  padding-bottom: 30px;\n  background-color: rgb(242, 242, 242);\n}\n<\/style>\n\t<\/section>\n\t\n","protected":false},"excerpt":{"rendered":"","protected":false},"author":1,"featured_media":0,"parent":0,"menu_order":0,"comment_status":"closed","ping_status":"closed","template":"page-blank.php","meta":[],"yoast_head":"<!-- This site is optimized with the Yoast SEO plugin v19.7 - https:\/\/yoast.com\/wordpress\/plugins\/seo\/ -->\n<title>Preguntas frecuentes - TheRoomHunter<\/title>\n<meta name=\"robots\" content=\"index, follow, max-snippet:-1, max-image-preview:large, max-video-preview:-1\" \/>\n<link rel=\"canonical\" href=\"https:\/\/theroomhunter.com\/bilbao\/preguntas-frecuentes\/\" \/>\n<meta property=\"og:locale\" content=\"es_ES\" \/>\n<meta property=\"og:type\" content=\"article\" \/>\n<meta property=\"og:title\" content=\"Preguntas frecuentes - TheRoomHunter\" \/>\n<meta property=\"og:url\" content=\"https:\/\/theroomhunter.com\/bilbao\/preguntas-frecuentes\/\" \/>\n<meta property=\"og:site_name\" content=\"TheRoomHunter\" \/>\n<meta property=\"article:modified_time\" content=\"2020-01-03T13:00:55+00:00\" \/>\n<meta name=\"twitter:card\" content=\"summary_large_image\" \/>\n<meta name=\"twitter:label1\" content=\"Tiempo de lectura\" \/>\n\t<meta name=\"twitter:data1\" content=\"2 minutos\" \/>\n<script type=\"application\/ld+json\" class=\"yoast-schema-graph\">{\"@context\":\"https:\/\/schema.org\",\"@graph\":[{\"@type\":\"WebPage\",\"@id\":\"https:\/\/theroomhunter.com\/bilbao\/preguntas-frecuentes\/\",\"url\":\"https:\/\/theroomhunter.com\/bilbao\/preguntas-frecuentes\/\",\"name\":\"Preguntas frecuentes - TheRoomHunter\",\"isPartOf\":{\"@id\":\"https:\/\/theroomhunter.com\/bilbao\/#website\"},\"datePublished\":\"2019-01-16T13:45:52+00:00\",\"dateModified\":\"2020-01-03T13:00:55+00:00\",\"breadcrumb\":{\"@id\":\"https:\/\/theroomhunter.com\/bilbao\/preguntas-frecuentes\/#breadcrumb\"},\"inLanguage\":\"es\",\"potentialAction\":[{\"@type\":\"ReadAction\",\"target\":[\"https:\/\/theroomhunter.com\/bilbao\/preguntas-frecuentes\/\"]}]},{\"@type\":\"BreadcrumbList\",\"@id\":\"https:\/\/theroomhunter.com\/bilbao\/preguntas-frecuentes\/#breadcrumb\",\"itemListElement\":[{\"@type\":\"ListItem\",\"position\":1,\"name\":\"Portada\",\"item\":\"https:\/\/theroomhunter.com\/bilbao\/\"},{\"@type\":\"ListItem\",\"position\":2,\"name\":\"Preguntas frecuentes\"}]},{\"@type\":\"WebSite\",\"@id\":\"https:\/\/theroomhunter.com\/bilbao\/#website\",\"url\":\"https:\/\/theroomhunter.com\/bilbao\/\",\"name\":\"TheRoomHunter\",\"description\":\"\",\"potentialAction\":[{\"@type\":\"SearchAction\",\"target\":{\"@type\":\"EntryPoint\",\"urlTemplate\":\"https:\/\/theroomhunter.com\/bilbao\/?s={search_term_string}\"},\"query-input\":\"required name=search_term_string\"}],\"inLanguage\":\"es\"}]}<\/script>\n<!-- \/ Yoast SEO plugin. -->","yoast_head_json":{"title":"Preguntas frecuentes - TheRoomHunter","robots":{"index":"index","follow":"follow","max-snippet":"max-snippet:-1","max-image-preview":"max-image-preview:large","max-video-preview":"max-video-preview:-1"},"canonical":"https:\/\/theroomhunter.com\/bilbao\/preguntas-frecuentes\/","og_locale":"es_ES","og_type":"article","og_title":"Preguntas frecuentes - TheRoomHunter","og_url":"https:\/\/theroomhunter.com\/bilbao\/preguntas-frecuentes\/","og_site_name":"TheRoomHunter","article_modified_time":"2020-01-03T13:00:55+00:00","twitter_card":"summary_large_image","twitter_misc":{"Tiempo de lectura":"2 minutos"},"schema":{"@context":"https:\/\/schema.org","@graph":[{"@type":"WebPage","@id":"https:\/\/theroomhunter.com\/bilbao\/preguntas-frecuentes\/","url":"https:\/\/theroomhunter.com\/bilbao\/preguntas-frecuentes\/","name":"Preguntas frecuentes - TheRoomHunter","isPartOf":{"@id":"https:\/\/theroomhunter.com\/bilbao\/#website"},"datePublished":"2019-01-16T13:45:52+00:00","dateModified":"2020-01-03T13:00:55+00:00","breadcrumb":{"@id":"https:\/\/theroomhunter.com\/bilbao\/preguntas-frecuentes\/#breadcrumb"},"inLanguage":"es","potentialAction":[{"@type":"ReadAction","target":["https:\/\/theroomhunter.com\/bilbao\/preguntas-frecuentes\/"]}]},{"@type":"BreadcrumbList","@id":"https:\/\/theroomhunter.com\/bilbao\/preguntas-frecuentes\/#breadcrumb","itemListElement":[{"@type":"ListItem","position":1,"name":"Portada","item":"https:\/\/theroomhunter.com\/bilbao\/"},{"@type":"ListItem","position":2,"name":"Preguntas frecuentes"}]},{"@type":"WebSite","@id":"https:\/\/theroomhunter.com\/bilbao\/#website","url":"https:\/\/theroomhunter.com\/bilbao\/","name":"TheRoomHunter","description":"","potentialAction":[{"@type":"SearchAction","target":{"@type":"EntryPoint","urlTemplate":"https:\/\/theroomhunter.com\/bilbao\/?s={search_term_string}"},"query-input":"required name=search_term_string"}],"inLanguage":"es"}]}},"_links":{"self":[{"href":"https:\/\/theroomhunter.com\/bilbao\/wp-json\/wp\/v2\/pages\/10"}],"collection":[{"href":"https:\/\/theroomhunter.com\/bilbao\/wp-json\/wp\/v2\/pages"}],"about":[{"href":"https:\/\/theroomhunter.com\/bilbao\/wp-json\/wp\/v2\/types\/page"}],"author":[{"embeddable":true,"href":"https:\/\/theroomhunter.com\/bilbao\/wp-json\/wp\/v2\/users\/1"}],"replies":[{"embeddable":true,"href":"https:\/\/theroomhunter.com\/bilbao\/wp-json\/wp\/v2\/comments?post=10"}],"version-history":[{"count":22,"href":"https:\/\/theroomhunter.com\/bilbao\/wp-json\/wp\/v2\/pages\/10\/revisions"}],"predecessor-version":[{"id":338,"href":"https:\/\/theroomhunter.com\/bilbao\/wp-json\/wp\/v2\/pages\/10\/revisions\/338"}],"wp:attachment":[{"href":"https:\/\/theroomhunter.com\/bilbao\/wp-json\/wp\/v2\/media?parent=10"}],"curies":[{"name":"wp","href":"https:\/\/api.w.org\/{rel}","templated":true}]}}